{"id":44331,"date":"2026-02-24T11:33:40","date_gmt":"2026-02-24T10:33:40","guid":{"rendered":"https:\/\/imprimeideas.es\/?post_type=product&p=44331"},"modified":"2026-02-26T18:19:31","modified_gmt":"2026-02-26T17:19:31","slug":"bidon-termico-barns","status":"publish","type":"product","link":"https:\/\/imprimeideas.es\/en\/product\/bidon-termico-barns\/","title":{"rendered":"Bid\u00f3n T\u00e9rmico Barns"},"content":{"rendered":"<p>Bid\u00f3n t\u00e9rmico de doble capa con original estilo y 350 ml de capacidad. Cuerpo en acero inox con tap\u00f3n de seguridad a rosca en acero inox, con detalle en madera y asa integrada. Disponible en variada gama de colores. Presentado en caja individual de dise\u00f1o eco en cart\u00f3n kraft.<\/p>","protected":false},"excerpt":{"rendered":"<p>350 ml<\/p>","protected":false},"featured_media":79925,"comment_status":"open","ping_status":"open","template":"","meta":{"inline_featured_image":false},"product_brand":[],"product_cat":[122,97],"product_tag":[],"class_list":{"0":"post-44331","1":"product","2":"type-product","3":"status-publish","4":"has-post-thumbnail","6":"product_cat-articulos-sostenibles","7":"product_cat-tazas-jarras-y-termos","9":"first","10":"instock","11":"taxable","12":"shipping-taxable","13":"purchasable","14":"product-type-variable","15":"has-default-attributes"},"aioseo_notices":[],"_links":{"self":[{"href":"https:\/\/imprimeideas.es\/en\/wp-json\/wp\/v2\/product\/44331","targetHints":{"allow":["GET"]}}],"collection":[{"href":"https:\/\/imprimeideas.es\/en\/wp-json\/wp\/v2\/product"}],"about":[{"href":"https:\/\/imprimeideas.es\/en\/wp-json\/wp\/v2\/types\/product"}],"replies":[{"embeddable":true,"href":"https:\/\/imprimeideas.es\/en\/wp-json\/wp\/v2\/comments?post=44331"}],"version-history":[{"count":1,"href":"https:\/\/imprimeideas.es\/en\/wp-json\/wp\/v2\/product\/44331\/revisions"}],"predecessor-version":[{"id":55465,"href":"https:\/\/imprimeideas.es\/en\/wp-json\/wp\/v2\/product\/44331\/revisions\/55465"}],"wp:featuredmedia":[{"embeddable":true,"href":"https:\/\/imprimeideas.es\/en\/wp-json\/wp\/v2\/media\/79925"}],"wp:attachment":[{"href":"https:\/\/imprimeideas.es\/en\/wp-json\/wp\/v2\/media?parent=44331"}],"wp:term":[{"taxonomy":"product_brand","embeddable":true,"href":"https:\/\/imprimeideas.es\/en\/wp-json\/wp\/v2\/product_brand?post=44331"},{"taxonomy":"product_cat","embeddable":true,"href":"https:\/\/imprimeideas.es\/en\/wp-json\/wp\/v2\/product_cat?post=44331"},{"taxonomy":"product_tag","embeddable":true,"href":"https:\/\/imprimeideas.es\/en\/wp-json\/wp\/v2\/product_tag?post=44331"}],"curies":[{"name":"wp","href":"https:\/\/api.w.org\/{rel}","templated":true}]}}