{"id":44326,"date":"2026-02-24T11:33:40","date_gmt":"2026-02-24T10:33:40","guid":{"rendered":"https:\/\/imprimeideas.es\/?post_type=product&p=44326"},"modified":"2026-02-26T18:32:51","modified_gmt":"2026-02-26T17:32:51","slug":"taza-termica-bokat","status":"publish","type":"product","link":"https:\/\/imprimeideas.es\/en\/product\/taza-termica-bokat\/","title":{"rendered":"Taza T\u00e9rmica Bokat"},"content":{"rendered":"<p>Taza t\u00e9rmica de sobremesa fabricada en acero inox de doble pared con aislamiento y 330 ml de capacidad. Incluye tapa a presi\u00f3n con dosificador abref\u00e1cil y base antideslizante. Disponible en variada gama de colores mate. Presentada en atractiva caja de dise\u00f1o kraft.<\/p>","protected":false},"excerpt":{"rendered":"<p>330 ml<\/p>","protected":false},"featured_media":76945,"comment_status":"open","ping_status":"open","template":"","meta":{"inline_featured_image":false},"product_brand":[],"product_cat":[97],"product_tag":[],"class_list":{"0":"post-44326","1":"product","2":"type-product","3":"status-publish","4":"has-post-thumbnail","6":"product_cat-tazas-jarras-y-termos","8":"first","9":"instock","10":"taxable","11":"shipping-taxable","12":"purchasable","13":"product-type-variable","14":"has-default-attributes"},"aioseo_notices":[],"_links":{"self":[{"href":"https:\/\/imprimeideas.es\/en\/wp-json\/wp\/v2\/product\/44326","targetHints":{"allow":["GET"]}}],"collection":[{"href":"https:\/\/imprimeideas.es\/en\/wp-json\/wp\/v2\/product"}],"about":[{"href":"https:\/\/imprimeideas.es\/en\/wp-json\/wp\/v2\/types\/product"}],"replies":[{"embeddable":true,"href":"https:\/\/imprimeideas.es\/en\/wp-json\/wp\/v2\/comments?post=44326"}],"version-history":[{"count":1,"href":"https:\/\/imprimeideas.es\/en\/wp-json\/wp\/v2\/product\/44326\/revisions"}],"predecessor-version":[{"id":55464,"href":"https:\/\/imprimeideas.es\/en\/wp-json\/wp\/v2\/product\/44326\/revisions\/55464"}],"wp:featuredmedia":[{"embeddable":true,"href":"https:\/\/imprimeideas.es\/en\/wp-json\/wp\/v2\/media\/76945"}],"wp:attachment":[{"href":"https:\/\/imprimeideas.es\/en\/wp-json\/wp\/v2\/media?parent=44326"}],"wp:term":[{"taxonomy":"product_brand","embeddable":true,"href":"https:\/\/imprimeideas.es\/en\/wp-json\/wp\/v2\/product_brand?post=44326"},{"taxonomy":"product_cat","embeddable":true,"href":"https:\/\/imprimeideas.es\/en\/wp-json\/wp\/v2\/product_cat?post=44326"},{"taxonomy":"product_tag","embeddable":true,"href":"https:\/\/imprimeideas.es\/en\/wp-json\/wp\/v2\/product_tag?post=44326"}],"curies":[{"name":"wp","href":"https:\/\/api.w.org\/{rel}","templated":true}]}}