{"id":44294,"date":"2026-02-24T11:33:36","date_gmt":"2026-02-24T10:33:36","guid":{"rendered":"https:\/\/imprimeideas.es\/?post_type=product&p=44294"},"modified":"2026-02-26T18:42:24","modified_gmt":"2026-02-26T17:42:24","slug":"vaso-plegable-klimt","status":"publish","type":"product","link":"https:\/\/imprimeideas.es\/en\/product\/vaso-plegable-klimt\/","title":{"rendered":"Vaso Plegable Klimt"},"content":{"rendered":"<p>Vaso plegable de 160 ml de capacidad. Fabricado en silicona de alta calidad con tap\u00f3n a juego. Con cuerpo flexible de acabado mate, este vaso puede ser plegado para un c\u00f3modo y sencillo almacenamiento. Incluye mosquet\u00f3n met\u00e1lico para f\u00e1cil transporte. Libre de BPA. Disponible en variada gama de colores. Presentado en caja dise\u00f1o kraft.<\/p>","protected":false},"excerpt":{"rendered":"<p>160 ml<\/p>","protected":false},"featured_media":63725,"comment_status":"open","ping_status":"open","template":"","meta":{"inline_featured_image":false},"product_brand":[],"product_cat":[97],"product_tag":[],"class_list":{"0":"post-44294","1":"product","2":"type-product","3":"status-publish","4":"has-post-thumbnail","6":"product_cat-tazas-jarras-y-termos","8":"first","9":"instock","10":"taxable","11":"shipping-taxable","12":"purchasable","13":"product-type-variable","14":"has-default-attributes"},"aioseo_notices":[],"_links":{"self":[{"href":"https:\/\/imprimeideas.es\/en\/wp-json\/wp\/v2\/product\/44294","targetHints":{"allow":["GET"]}}],"collection":[{"href":"https:\/\/imprimeideas.es\/en\/wp-json\/wp\/v2\/product"}],"about":[{"href":"https:\/\/imprimeideas.es\/en\/wp-json\/wp\/v2\/types\/product"}],"replies":[{"embeddable":true,"href":"https:\/\/imprimeideas.es\/en\/wp-json\/wp\/v2\/comments?post=44294"}],"version-history":[{"count":1,"href":"https:\/\/imprimeideas.es\/en\/wp-json\/wp\/v2\/product\/44294\/revisions"}],"predecessor-version":[{"id":55457,"href":"https:\/\/imprimeideas.es\/en\/wp-json\/wp\/v2\/product\/44294\/revisions\/55457"}],"wp:featuredmedia":[{"embeddable":true,"href":"https:\/\/imprimeideas.es\/en\/wp-json\/wp\/v2\/media\/63725"}],"wp:attachment":[{"href":"https:\/\/imprimeideas.es\/en\/wp-json\/wp\/v2\/media?parent=44294"}],"wp:term":[{"taxonomy":"product_brand","embeddable":true,"href":"https:\/\/imprimeideas.es\/en\/wp-json\/wp\/v2\/product_brand?post=44294"},{"taxonomy":"product_cat","embeddable":true,"href":"https:\/\/imprimeideas.es\/en\/wp-json\/wp\/v2\/product_cat?post=44294"},{"taxonomy":"product_tag","embeddable":true,"href":"https:\/\/imprimeideas.es\/en\/wp-json\/wp\/v2\/product_tag?post=44294"}],"curies":[{"name":"wp","href":"https:\/\/api.w.org\/{rel}","templated":true}]}}