{"id":44276,"date":"2026-02-24T11:33:34","date_gmt":"2026-02-24T10:33:34","guid":{"rendered":"https:\/\/imprimeideas.es\/?post_type=product&p=44276"},"modified":"2026-02-26T18:42:28","modified_gmt":"2026-02-26T17:42:28","slug":"pastillero-medlar","status":"publish","type":"product","link":"https:\/\/imprimeideas.es\/en\/product\/pastillero-medlar\/","title":{"rendered":"Pastillero Medlar"},"content":{"rendered":"<p>Compacto pastillero de bamb\u00fa semanal. Estuche en forma de cilindro con 7 compartimentos separados entre s\u00ed, de f\u00e1cil acceso girando la tapa. Permanece cerrado gracias a su cierre imantado. Presentado en una caja de dise\u00f1o kraft.<\/p>","protected":false},"excerpt":{"rendered":"<p>7 Compartimentos<\/p>","protected":false},"featured_media":68681,"comment_status":"open","ping_status":"open","template":"","meta":{"inline_featured_image":false},"product_brand":[],"product_cat":[122,107],"product_tag":[],"class_list":{"0":"post-44276","1":"product","2":"type-product","3":"status-publish","4":"has-post-thumbnail","6":"product_cat-articulos-sostenibles","7":"product_cat-cuidado-personal-y-pharma","9":"first","10":"instock","11":"taxable","12":"shipping-taxable","13":"purchasable","14":"product-type-variable","15":"has-default-attributes"},"aioseo_notices":[],"_links":{"self":[{"href":"https:\/\/imprimeideas.es\/en\/wp-json\/wp\/v2\/product\/44276","targetHints":{"allow":["GET"]}}],"collection":[{"href":"https:\/\/imprimeideas.es\/en\/wp-json\/wp\/v2\/product"}],"about":[{"href":"https:\/\/imprimeideas.es\/en\/wp-json\/wp\/v2\/types\/product"}],"replies":[{"embeddable":true,"href":"https:\/\/imprimeideas.es\/en\/wp-json\/wp\/v2\/comments?post=44276"}],"version-history":[{"count":1,"href":"https:\/\/imprimeideas.es\/en\/wp-json\/wp\/v2\/product\/44276\/revisions"}],"predecessor-version":[{"id":55453,"href":"https:\/\/imprimeideas.es\/en\/wp-json\/wp\/v2\/product\/44276\/revisions\/55453"}],"wp:featuredmedia":[{"embeddable":true,"href":"https:\/\/imprimeideas.es\/en\/wp-json\/wp\/v2\/media\/68681"}],"wp:attachment":[{"href":"https:\/\/imprimeideas.es\/en\/wp-json\/wp\/v2\/media?parent=44276"}],"wp:term":[{"taxonomy":"product_brand","embeddable":true,"href":"https:\/\/imprimeideas.es\/en\/wp-json\/wp\/v2\/product_brand?post=44276"},{"taxonomy":"product_cat","embeddable":true,"href":"https:\/\/imprimeideas.es\/en\/wp-json\/wp\/v2\/product_cat?post=44276"},{"taxonomy":"product_tag","embeddable":true,"href":"https:\/\/imprimeideas.es\/en\/wp-json\/wp\/v2\/product_tag?post=44276"}],"curies":[{"name":"wp","href":"https:\/\/api.w.org\/{rel}","templated":true}]}}