{"id":44274,"date":"2026-02-24T11:33:34","date_gmt":"2026-02-24T10:33:34","guid":{"rendered":"https:\/\/imprimeideas.es\/?post_type=product&p=44274"},"modified":"2026-02-26T18:27:58","modified_gmt":"2026-02-26T17:27:58","slug":"set-darma","status":"publish","type":"product","link":"https:\/\/imprimeideas.es\/en\/product\/set-darma\/","title":{"rendered":"Set Darma"},"content":{"rendered":"<p>Set de bol\u00edgrafo y roller fabricados en Aluminio Reciclado. Bol\u00edgrafo de mecanismo giratorio y roller con capucha, ambos equipados con un clip met\u00e1lico. Ambos cuentan con tinta azul y presentan un cuerpo de acabado brillante, con logotipo Aluminio Reciclado. Presentados en una caja individual kraft. El Aluminio Reciclado es un material con posibilidades de reciclaje casi infinitas, sin perder sus propiedades originales y consumiendo menos energ\u00eda en este proceso.Certificaci\u00f3n GRS (Global Recycled Standard \/ Est\u00e1ndar de Reciclaje Global), que garantiza el origen reciclado del material usado para fabricar el producto.<\/p>","protected":false},"excerpt":{"rendered":"<p>Bol\u00edgrafo y Roller. Carga Jumbo<\/p>","protected":false},"featured_media":67496,"comment_status":"open","ping_status":"open","template":"","meta":{"inline_featured_image":false},"product_brand":[],"product_cat":[122,100],"product_tag":[],"class_list":{"0":"post-44274","1":"product","2":"type-product","3":"status-publish","4":"has-post-thumbnail","6":"product_cat-articulos-sostenibles","7":"product_cat-escritura","9":"first","10":"outofstock","11":"taxable","12":"shipping-taxable","13":"purchasable","14":"product-type-variable","15":"has-default-attributes"},"aioseo_notices":[],"_links":{"self":[{"href":"https:\/\/imprimeideas.es\/en\/wp-json\/wp\/v2\/product\/44274","targetHints":{"allow":["GET"]}}],"collection":[{"href":"https:\/\/imprimeideas.es\/en\/wp-json\/wp\/v2\/product"}],"about":[{"href":"https:\/\/imprimeideas.es\/en\/wp-json\/wp\/v2\/types\/product"}],"replies":[{"embeddable":true,"href":"https:\/\/imprimeideas.es\/en\/wp-json\/wp\/v2\/comments?post=44274"}],"version-history":[{"count":1,"href":"https:\/\/imprimeideas.es\/en\/wp-json\/wp\/v2\/product\/44274\/revisions"}],"predecessor-version":[{"id":55452,"href":"https:\/\/imprimeideas.es\/en\/wp-json\/wp\/v2\/product\/44274\/revisions\/55452"}],"wp:featuredmedia":[{"embeddable":true,"href":"https:\/\/imprimeideas.es\/en\/wp-json\/wp\/v2\/media\/67496"}],"wp:attachment":[{"href":"https:\/\/imprimeideas.es\/en\/wp-json\/wp\/v2\/media?parent=44274"}],"wp:term":[{"taxonomy":"product_brand","embeddable":true,"href":"https:\/\/imprimeideas.es\/en\/wp-json\/wp\/v2\/product_brand?post=44274"},{"taxonomy":"product_cat","embeddable":true,"href":"https:\/\/imprimeideas.es\/en\/wp-json\/wp\/v2\/product_cat?post=44274"},{"taxonomy":"product_tag","embeddable":true,"href":"https:\/\/imprimeideas.es\/en\/wp-json\/wp\/v2\/product_tag?post=44274"}],"curies":[{"name":"wp","href":"https:\/\/api.w.org\/{rel}","templated":true}]}}