{"id":44270,"date":"2026-02-24T11:33:33","date_gmt":"2026-02-24T10:33:33","guid":{"rendered":"https:\/\/imprimeideas.es\/?post_type=product&p=44270"},"modified":"2026-02-26T18:13:37","modified_gmt":"2026-02-26T17:13:37","slug":"set-proston","status":"publish","type":"product","link":"https:\/\/imprimeideas.es\/en\/product\/set-proston\/","title":{"rendered":"Set Proston"},"content":{"rendered":"<p>Set de bol\u00edgrafo, portaminas y regla, fabricados en fibra de caf\u00e9. Bol\u00edgrafo en tinta azul y portaminas con 2 minas incluidas de 0,7mm, ambos con clip. Incluye una pr\u00e1ctica regla de 15 cm y \u00fatil goma. Presentado en estuche individual de fibra de caf\u00e9. Logotipo fibra de caf\u00e9 en la parte superior del bol\u00edgrafo y portaminas.La fibra de caf\u00e9 es una soluci\u00f3n circular que se obtiene de la utilizaci\u00f3n de los residuos producidos en la obtenci\u00f3n del caf\u00e9. Una alternativa sostenible que favorece la reducci\u00f3n del uso de pl\u00e1sticos, ahorrando energ\u00eda en su proceso de fabricaci\u00f3n y contribuyendo al cuidado del medio ambiente.<\/p>","protected":false},"excerpt":{"rendered":"<p>4 Piezas<\/p>","protected":false},"featured_media":82769,"comment_status":"open","ping_status":"open","template":"","meta":{"inline_featured_image":false},"product_brand":[],"product_cat":[122,100,108],"product_tag":[],"class_list":{"0":"post-44270","1":"product","2":"type-product","3":"status-publish","4":"has-post-thumbnail","6":"product_cat-articulos-sostenibles","7":"product_cat-escritura","8":"product_cat-infantil","10":"first","11":"instock","12":"taxable","13":"shipping-taxable","14":"purchasable","15":"product-type-variable","16":"has-default-attributes"},"aioseo_notices":[],"_links":{"self":[{"href":"https:\/\/imprimeideas.es\/en\/wp-json\/wp\/v2\/product\/44270","targetHints":{"allow":["GET"]}}],"collection":[{"href":"https:\/\/imprimeideas.es\/en\/wp-json\/wp\/v2\/product"}],"about":[{"href":"https:\/\/imprimeideas.es\/en\/wp-json\/wp\/v2\/types\/product"}],"replies":[{"embeddable":true,"href":"https:\/\/imprimeideas.es\/en\/wp-json\/wp\/v2\/comments?post=44270"}],"version-history":[{"count":1,"href":"https:\/\/imprimeideas.es\/en\/wp-json\/wp\/v2\/product\/44270\/revisions"}],"predecessor-version":[{"id":55450,"href":"https:\/\/imprimeideas.es\/en\/wp-json\/wp\/v2\/product\/44270\/revisions\/55450"}],"wp:featuredmedia":[{"embeddable":true,"href":"https:\/\/imprimeideas.es\/en\/wp-json\/wp\/v2\/media\/82769"}],"wp:attachment":[{"href":"https:\/\/imprimeideas.es\/en\/wp-json\/wp\/v2\/media?parent=44270"}],"wp:term":[{"taxonomy":"product_brand","embeddable":true,"href":"https:\/\/imprimeideas.es\/en\/wp-json\/wp\/v2\/product_brand?post=44270"},{"taxonomy":"product_cat","embeddable":true,"href":"https:\/\/imprimeideas.es\/en\/wp-json\/wp\/v2\/product_cat?post=44270"},{"taxonomy":"product_tag","embeddable":true,"href":"https:\/\/imprimeideas.es\/en\/wp-json\/wp\/v2\/product_tag?post=44270"}],"curies":[{"name":"wp","href":"https:\/\/api.w.org\/{rel}","templated":true}]}}