{"id":44263,"date":"2026-02-24T11:33:32","date_gmt":"2026-02-24T10:33:32","guid":{"rendered":"https:\/\/imprimeideas.es\/?post_type=product&p=44263"},"modified":"2026-02-26T18:28:03","modified_gmt":"2026-02-26T17:28:03","slug":"lapiz-eterno-soiny","status":"publish","type":"product","link":"https:\/\/imprimeideas.es\/en\/product\/lapiz-eterno-soiny\/","title":{"rendered":"L\u00e1piz Eterno Soiny"},"content":{"rendered":"<p>L\u00e1piz eterno fabricado en cart\u00f3n reciclado con soporte incluido. Pr\u00e1ctico instrumento de escritura infinita gracias a su punta que no se desgasta. Con pr\u00e1ctica goma de borrar en forma de cubo. Set dise\u00f1ado en color natural y negro. Presentado individualmente en una caja kraft.<\/p>","protected":false},"excerpt":{"rendered":"<p>L\u00e1piz eterno fabricado en cart\u00f3n reciclado con soporte incluido. Pr\u00e1ctico instrumento de escritura infinita gracias a su punta que no<\/p>","protected":false},"featured_media":80345,"comment_status":"open","ping_status":"open","template":"","meta":{"inline_featured_image":false},"product_brand":[],"product_cat":[122,100],"product_tag":[],"class_list":{"0":"post-44263","1":"product","2":"type-product","3":"status-publish","4":"has-post-thumbnail","6":"product_cat-articulos-sostenibles","7":"product_cat-escritura","9":"first","10":"instock","11":"taxable","12":"shipping-taxable","13":"purchasable","14":"product-type-variable","15":"has-default-attributes"},"aioseo_notices":[],"_links":{"self":[{"href":"https:\/\/imprimeideas.es\/en\/wp-json\/wp\/v2\/product\/44263","targetHints":{"allow":["GET"]}}],"collection":[{"href":"https:\/\/imprimeideas.es\/en\/wp-json\/wp\/v2\/product"}],"about":[{"href":"https:\/\/imprimeideas.es\/en\/wp-json\/wp\/v2\/types\/product"}],"replies":[{"embeddable":true,"href":"https:\/\/imprimeideas.es\/en\/wp-json\/wp\/v2\/comments?post=44263"}],"version-history":[{"count":1,"href":"https:\/\/imprimeideas.es\/en\/wp-json\/wp\/v2\/product\/44263\/revisions"}],"predecessor-version":[{"id":55447,"href":"https:\/\/imprimeideas.es\/en\/wp-json\/wp\/v2\/product\/44263\/revisions\/55447"}],"wp:featuredmedia":[{"embeddable":true,"href":"https:\/\/imprimeideas.es\/en\/wp-json\/wp\/v2\/media\/80345"}],"wp:attachment":[{"href":"https:\/\/imprimeideas.es\/en\/wp-json\/wp\/v2\/media?parent=44263"}],"wp:term":[{"taxonomy":"product_brand","embeddable":true,"href":"https:\/\/imprimeideas.es\/en\/wp-json\/wp\/v2\/product_brand?post=44263"},{"taxonomy":"product_cat","embeddable":true,"href":"https:\/\/imprimeideas.es\/en\/wp-json\/wp\/v2\/product_cat?post=44263"},{"taxonomy":"product_tag","embeddable":true,"href":"https:\/\/imprimeideas.es\/en\/wp-json\/wp\/v2\/product_tag?post=44263"}],"curies":[{"name":"wp","href":"https:\/\/api.w.org\/{rel}","templated":true}]}}