{"id":44198,"date":"2026-02-24T11:33:25","date_gmt":"2026-02-24T10:33:25","guid":{"rendered":"https:\/\/imprimeideas.es\/?post_type=product&p=44198"},"modified":"2026-02-26T18:19:15","modified_gmt":"2026-02-26T17:19:15","slug":"boligrafo-fitin","status":"publish","type":"product","link":"https:\/\/imprimeideas.es\/en\/product\/boligrafo-fitin\/","title":{"rendered":"Bol\u00edgrafo Fitin"},"content":{"rendered":"<p>Elegante bol\u00edgrafo de corcho y metal con mecanismo giratorio. Cuerpo en resistente metal de acabado brillo y empu\u00f1adura en corcho. Clip met\u00e1lico y en tinta azul. Presentado individualmente en un estuche de corcho.Elaborado con elementos vegetales para as\u00ed fomentar la utilizaci\u00f3n de materias primas naturales y reducir las emisiones contaminantes.<\/p>","protected":false},"excerpt":{"rendered":"<p>Elegante bol\u00edgrafo de corcho y metal con mecanismo giratorio. Cuerpo en resistente metal de acabado brillo y empu\u00f1adura en corcho.<\/p>","protected":false},"featured_media":71523,"comment_status":"open","ping_status":"open","template":"","meta":{"inline_featured_image":false},"product_brand":[],"product_cat":[122,100],"product_tag":[],"class_list":{"0":"post-44198","1":"product","2":"type-product","3":"status-publish","4":"has-post-thumbnail","6":"product_cat-articulos-sostenibles","7":"product_cat-escritura","9":"first","10":"instock","11":"taxable","12":"shipping-taxable","13":"purchasable","14":"product-type-variable","15":"has-default-attributes"},"aioseo_notices":[],"_links":{"self":[{"href":"https:\/\/imprimeideas.es\/en\/wp-json\/wp\/v2\/product\/44198","targetHints":{"allow":["GET"]}}],"collection":[{"href":"https:\/\/imprimeideas.es\/en\/wp-json\/wp\/v2\/product"}],"about":[{"href":"https:\/\/imprimeideas.es\/en\/wp-json\/wp\/v2\/types\/product"}],"replies":[{"embeddable":true,"href":"https:\/\/imprimeideas.es\/en\/wp-json\/wp\/v2\/comments?post=44198"}],"version-history":[{"count":1,"href":"https:\/\/imprimeideas.es\/en\/wp-json\/wp\/v2\/product\/44198\/revisions"}],"predecessor-version":[{"id":55436,"href":"https:\/\/imprimeideas.es\/en\/wp-json\/wp\/v2\/product\/44198\/revisions\/55436"}],"wp:featuredmedia":[{"embeddable":true,"href":"https:\/\/imprimeideas.es\/en\/wp-json\/wp\/v2\/media\/71523"}],"wp:attachment":[{"href":"https:\/\/imprimeideas.es\/en\/wp-json\/wp\/v2\/media?parent=44198"}],"wp:term":[{"taxonomy":"product_brand","embeddable":true,"href":"https:\/\/imprimeideas.es\/en\/wp-json\/wp\/v2\/product_brand?post=44198"},{"taxonomy":"product_cat","embeddable":true,"href":"https:\/\/imprimeideas.es\/en\/wp-json\/wp\/v2\/product_cat?post=44198"},{"taxonomy":"product_tag","embeddable":true,"href":"https:\/\/imprimeideas.es\/en\/wp-json\/wp\/v2\/product_tag?post=44198"}],"curies":[{"name":"wp","href":"https:\/\/api.w.org\/{rel}","templated":true}]}}