{"id":44172,"date":"2026-02-24T11:33:22","date_gmt":"2026-02-24T10:33:22","guid":{"rendered":"https:\/\/imprimeideas.es\/?post_type=product&p=44172"},"modified":"2026-02-26T18:19:27","modified_gmt":"2026-02-26T17:19:27","slug":"boligrafo-raitox","status":"publish","type":"product","link":"https:\/\/imprimeideas.es\/en\/product\/boligrafo-raitox\/","title":{"rendered":"Bol\u00edgrafo Raitox"},"content":{"rendered":"<p>Excelente bol\u00edgrafo de aluminio con mecanismo pulsador. Cuerpo en resistente aluminio de acabado mate con elementos decorativos de elegante acabado color cobre, con la ca\u00f1a en una amplia gama de distintivos colores. Clip met\u00e1lico, con pulsador retr\u00e1ctil de tinta azul y carga jumbo. Presentado en una bolsa individual reciclada.<\/p>","protected":false},"excerpt":{"rendered":"<p>Carga Jumbo<\/p>","protected":false},"featured_media":72403,"comment_status":"open","ping_status":"open","template":"","meta":{"inline_featured_image":false},"product_brand":[],"product_cat":[100],"product_tag":[],"class_list":{"0":"post-44172","1":"product","2":"type-product","3":"status-publish","4":"has-post-thumbnail","6":"product_cat-escritura","8":"first","9":"instock","10":"taxable","11":"shipping-taxable","12":"purchasable","13":"product-type-variable","14":"has-default-attributes"},"aioseo_notices":[],"_links":{"self":[{"href":"https:\/\/imprimeideas.es\/en\/wp-json\/wp\/v2\/product\/44172","targetHints":{"allow":["GET"]}}],"collection":[{"href":"https:\/\/imprimeideas.es\/en\/wp-json\/wp\/v2\/product"}],"about":[{"href":"https:\/\/imprimeideas.es\/en\/wp-json\/wp\/v2\/types\/product"}],"replies":[{"embeddable":true,"href":"https:\/\/imprimeideas.es\/en\/wp-json\/wp\/v2\/comments?post=44172"}],"version-history":[{"count":1,"href":"https:\/\/imprimeideas.es\/en\/wp-json\/wp\/v2\/product\/44172\/revisions"}],"predecessor-version":[{"id":55429,"href":"https:\/\/imprimeideas.es\/en\/wp-json\/wp\/v2\/product\/44172\/revisions\/55429"}],"wp:featuredmedia":[{"embeddable":true,"href":"https:\/\/imprimeideas.es\/en\/wp-json\/wp\/v2\/media\/72403"}],"wp:attachment":[{"href":"https:\/\/imprimeideas.es\/en\/wp-json\/wp\/v2\/media?parent=44172"}],"wp:term":[{"taxonomy":"product_brand","embeddable":true,"href":"https:\/\/imprimeideas.es\/en\/wp-json\/wp\/v2\/product_brand?post=44172"},{"taxonomy":"product_cat","embeddable":true,"href":"https:\/\/imprimeideas.es\/en\/wp-json\/wp\/v2\/product_cat?post=44172"},{"taxonomy":"product_tag","embeddable":true,"href":"https:\/\/imprimeideas.es\/en\/wp-json\/wp\/v2\/product_tag?post=44172"}],"curies":[{"name":"wp","href":"https:\/\/api.w.org\/{rel}","templated":true}]}}