{"id":44166,"date":"2026-02-24T11:33:21","date_gmt":"2026-02-24T10:33:21","guid":{"rendered":"https:\/\/imprimeideas.es\/?post_type=product&p=44166"},"modified":"2026-02-26T18:42:26","modified_gmt":"2026-02-26T17:42:26","slug":"boligrafo-puntero-lixor","status":"publish","type":"product","link":"https:\/\/imprimeideas.es\/en\/product\/boligrafo-puntero-lixor\/","title":{"rendered":"Bol\u00edgrafo Puntero Lixor"},"content":{"rendered":"<p>Excelente bol\u00edgrafo puntero de aluminio con mecanismo pulsador. Cuerpo en resistente aluminio de acabado mate con elementos decorativos de elegante acabado color cobre, con la ca\u00f1a en una amplia gama de distintivos colores. Clip met\u00e1lico, con pulsador retr\u00e1ctil y puntero negro en la parte superior. En tinta azul. Presentado en una bolsa individual reciclada.<\/p>","protected":false},"excerpt":{"rendered":"<p>Excelente bol\u00edgrafo puntero de aluminio con mecanismo pulsador. Cuerpo en resistente aluminio de acabado mate con elementos decorativos de elegante<\/p>","protected":false},"featured_media":73291,"comment_status":"open","ping_status":"open","template":"","meta":{"inline_featured_image":false},"product_brand":[],"product_cat":[100],"product_tag":[],"class_list":{"0":"post-44166","1":"product","2":"type-product","3":"status-publish","4":"has-post-thumbnail","6":"product_cat-escritura","8":"first","9":"instock","10":"taxable","11":"shipping-taxable","12":"purchasable","13":"product-type-variable","14":"has-default-attributes"},"aioseo_notices":[],"_links":{"self":[{"href":"https:\/\/imprimeideas.es\/en\/wp-json\/wp\/v2\/product\/44166","targetHints":{"allow":["GET"]}}],"collection":[{"href":"https:\/\/imprimeideas.es\/en\/wp-json\/wp\/v2\/product"}],"about":[{"href":"https:\/\/imprimeideas.es\/en\/wp-json\/wp\/v2\/types\/product"}],"replies":[{"embeddable":true,"href":"https:\/\/imprimeideas.es\/en\/wp-json\/wp\/v2\/comments?post=44166"}],"version-history":[{"count":1,"href":"https:\/\/imprimeideas.es\/en\/wp-json\/wp\/v2\/product\/44166\/revisions"}],"predecessor-version":[{"id":55428,"href":"https:\/\/imprimeideas.es\/en\/wp-json\/wp\/v2\/product\/44166\/revisions\/55428"}],"wp:featuredmedia":[{"embeddable":true,"href":"https:\/\/imprimeideas.es\/en\/wp-json\/wp\/v2\/media\/73291"}],"wp:attachment":[{"href":"https:\/\/imprimeideas.es\/en\/wp-json\/wp\/v2\/media?parent=44166"}],"wp:term":[{"taxonomy":"product_brand","embeddable":true,"href":"https:\/\/imprimeideas.es\/en\/wp-json\/wp\/v2\/product_brand?post=44166"},{"taxonomy":"product_cat","embeddable":true,"href":"https:\/\/imprimeideas.es\/en\/wp-json\/wp\/v2\/product_cat?post=44166"},{"taxonomy":"product_tag","embeddable":true,"href":"https:\/\/imprimeideas.es\/en\/wp-json\/wp\/v2\/product_tag?post=44166"}],"curies":[{"name":"wp","href":"https:\/\/api.w.org\/{rel}","templated":true}]}}