{"id":44108,"date":"2026-02-24T11:33:14","date_gmt":"2026-02-24T10:33:14","guid":{"rendered":"https:\/\/imprimeideas.es\/?post_type=product&p=44108"},"modified":"2026-02-26T18:13:47","modified_gmt":"2026-02-26T17:13:47","slug":"boligrafo-renol","status":"publish","type":"product","link":"https:\/\/imprimeideas.es\/en\/product\/boligrafo-renol\/","title":{"rendered":"Bol\u00edgrafo Renol"},"content":{"rendered":"<p>Elegante bol\u00edgrafo fabricado en bamb\u00fa. Cuerpo en resistente aluminio de acabado goma y empu\u00f1adura en bamb\u00fa, con la ca\u00f1a en una amplia gama de distintivos colores. Clip met\u00e1lico, con mecanismo pulsador y en tinta azul. Presentado en bolsa individual reciclada.Materiales como el bamb\u00fa fomentan la utilizaci\u00f3n de materias primas naturales, reduciendo las emisiones contaminantes. Proviene de una planta de gran resistencia y versatilidad, con crecimiento y regeneraci\u00f3n r\u00e1pidos, siendo una excelente alternativa al uso de madera tradicional.<\/p>","protected":false},"excerpt":{"rendered":"<p>Elegante bol\u00edgrafo fabricado en bamb\u00fa. Cuerpo en resistente aluminio de acabado goma y empu\u00f1adura en bamb\u00fa, con la ca\u00f1a en<\/p>","protected":false},"featured_media":73212,"comment_status":"open","ping_status":"open","template":"","meta":{"inline_featured_image":false},"product_brand":[],"product_cat":[122,100],"product_tag":[],"class_list":{"0":"post-44108","1":"product","2":"type-product","3":"status-publish","4":"has-post-thumbnail","6":"product_cat-articulos-sostenibles","7":"product_cat-escritura","9":"first","10":"instock","11":"taxable","12":"shipping-taxable","13":"purchasable","14":"product-type-variable","15":"has-default-attributes"},"aioseo_notices":[],"_links":{"self":[{"href":"https:\/\/imprimeideas.es\/en\/wp-json\/wp\/v2\/product\/44108","targetHints":{"allow":["GET"]}}],"collection":[{"href":"https:\/\/imprimeideas.es\/en\/wp-json\/wp\/v2\/product"}],"about":[{"href":"https:\/\/imprimeideas.es\/en\/wp-json\/wp\/v2\/types\/product"}],"replies":[{"embeddable":true,"href":"https:\/\/imprimeideas.es\/en\/wp-json\/wp\/v2\/comments?post=44108"}],"version-history":[{"count":1,"href":"https:\/\/imprimeideas.es\/en\/wp-json\/wp\/v2\/product\/44108\/revisions"}],"predecessor-version":[{"id":55418,"href":"https:\/\/imprimeideas.es\/en\/wp-json\/wp\/v2\/product\/44108\/revisions\/55418"}],"wp:featuredmedia":[{"embeddable":true,"href":"https:\/\/imprimeideas.es\/en\/wp-json\/wp\/v2\/media\/73212"}],"wp:attachment":[{"href":"https:\/\/imprimeideas.es\/en\/wp-json\/wp\/v2\/media?parent=44108"}],"wp:term":[{"taxonomy":"product_brand","embeddable":true,"href":"https:\/\/imprimeideas.es\/en\/wp-json\/wp\/v2\/product_brand?post=44108"},{"taxonomy":"product_cat","embeddable":true,"href":"https:\/\/imprimeideas.es\/en\/wp-json\/wp\/v2\/product_cat?post=44108"},{"taxonomy":"product_tag","embeddable":true,"href":"https:\/\/imprimeideas.es\/en\/wp-json\/wp\/v2\/product_tag?post=44108"}],"curies":[{"name":"wp","href":"https:\/\/api.w.org\/{rel}","templated":true}]}}