{"id":44100,"date":"2026-02-24T11:33:13","date_gmt":"2026-02-24T10:33:13","guid":{"rendered":"https:\/\/imprimeideas.es\/?post_type=product&p=44100"},"modified":"2026-02-26T18:13:53","modified_gmt":"2026-02-26T17:13:53","slug":"boligrafo-dynix","status":"publish","type":"product","link":"https:\/\/imprimeideas.es\/en\/product\/boligrafo-dynix\/","title":{"rendered":"Bol\u00edgrafo Dynix"},"content":{"rendered":"<p>Elegante bol\u00edgrafo de mecanismo pulsador con cuerpo en papel reciclado y accesorios de acabado met\u00e1lico en color plateado brillante. De tinta azul. Disponible en variada gama de colores.<\/p>","protected":false},"excerpt":{"rendered":"<p>Elegante bol\u00edgrafo de mecanismo pulsador con cuerpo en papel reciclado y accesorios de acabado met\u00e1lico en color plateado brillante. De<\/p>","protected":false},"featured_media":61003,"comment_status":"open","ping_status":"open","template":"","meta":{"inline_featured_image":false},"product_brand":[],"product_cat":[122,100],"product_tag":[],"class_list":{"0":"post-44100","1":"product","2":"type-product","3":"status-publish","4":"has-post-thumbnail","6":"product_cat-articulos-sostenibles","7":"product_cat-escritura","9":"first","10":"instock","11":"taxable","12":"shipping-taxable","13":"purchasable","14":"product-type-variable","15":"has-default-attributes"},"aioseo_notices":[],"_links":{"self":[{"href":"https:\/\/imprimeideas.es\/en\/wp-json\/wp\/v2\/product\/44100","targetHints":{"allow":["GET"]}}],"collection":[{"href":"https:\/\/imprimeideas.es\/en\/wp-json\/wp\/v2\/product"}],"about":[{"href":"https:\/\/imprimeideas.es\/en\/wp-json\/wp\/v2\/types\/product"}],"replies":[{"embeddable":true,"href":"https:\/\/imprimeideas.es\/en\/wp-json\/wp\/v2\/comments?post=44100"}],"version-history":[{"count":1,"href":"https:\/\/imprimeideas.es\/en\/wp-json\/wp\/v2\/product\/44100\/revisions"}],"predecessor-version":[{"id":55417,"href":"https:\/\/imprimeideas.es\/en\/wp-json\/wp\/v2\/product\/44100\/revisions\/55417"}],"wp:featuredmedia":[{"embeddable":true,"href":"https:\/\/imprimeideas.es\/en\/wp-json\/wp\/v2\/media\/61003"}],"wp:attachment":[{"href":"https:\/\/imprimeideas.es\/en\/wp-json\/wp\/v2\/media?parent=44100"}],"wp:term":[{"taxonomy":"product_brand","embeddable":true,"href":"https:\/\/imprimeideas.es\/en\/wp-json\/wp\/v2\/product_brand?post=44100"},{"taxonomy":"product_cat","embeddable":true,"href":"https:\/\/imprimeideas.es\/en\/wp-json\/wp\/v2\/product_cat?post=44100"},{"taxonomy":"product_tag","embeddable":true,"href":"https:\/\/imprimeideas.es\/en\/wp-json\/wp\/v2\/product_tag?post=44100"}],"curies":[{"name":"wp","href":"https:\/\/api.w.org\/{rel}","templated":true}]}}