{"id":44084,"date":"2026-02-24T11:33:11","date_gmt":"2026-02-24T10:33:11","guid":{"rendered":"https:\/\/imprimeideas.es\/?post_type=product&p=44084"},"modified":"2026-02-26T18:23:26","modified_gmt":"2026-02-26T17:23:26","slug":"boligrafo-trall","status":"publish","type":"product","link":"https:\/\/imprimeideas.es\/en\/product\/boligrafo-trall\/","title":{"rendered":"Bol\u00edgrafo Trall"},"content":{"rendered":"<p>Bol\u00edgrafo con cuerpo en fibra de caf\u00e9. Clip met\u00e1lico y accesorios cromados. De mecanismo giratorio y de tinta azul. Con logotipo fibra de caf\u00e9 y disponible en color natural.La fibra de caf\u00e9 es una soluci\u00f3n circular que se obtiene de la utilizaci\u00f3n de los residuos producidos en la obtenci\u00f3n del caf\u00e9. Una alternativa sostenible que favorece la reducci\u00f3n del uso de pl\u00e1sticos, ahorrando energ\u00eda en su proceso de fabricaci\u00f3n y contribuyendo al cuidado del medio ambiente.<\/p>","protected":false},"excerpt":{"rendered":"<p>Bol\u00edgrafo con cuerpo en fibra de caf\u00e9. Clip met\u00e1lico y accesorios cromados. De mecanismo giratorio y de tinta azul. Con<\/p>","protected":false},"featured_media":69186,"comment_status":"open","ping_status":"open","template":"","meta":{"inline_featured_image":false},"product_brand":[],"product_cat":[122,100],"product_tag":[],"class_list":{"0":"post-44084","1":"product","2":"type-product","3":"status-publish","4":"has-post-thumbnail","6":"product_cat-articulos-sostenibles","7":"product_cat-escritura","9":"first","10":"instock","11":"taxable","12":"shipping-taxable","13":"purchasable","14":"product-type-variable","15":"has-default-attributes"},"aioseo_notices":[],"_links":{"self":[{"href":"https:\/\/imprimeideas.es\/en\/wp-json\/wp\/v2\/product\/44084","targetHints":{"allow":["GET"]}}],"collection":[{"href":"https:\/\/imprimeideas.es\/en\/wp-json\/wp\/v2\/product"}],"about":[{"href":"https:\/\/imprimeideas.es\/en\/wp-json\/wp\/v2\/types\/product"}],"replies":[{"embeddable":true,"href":"https:\/\/imprimeideas.es\/en\/wp-json\/wp\/v2\/comments?post=44084"}],"version-history":[{"count":1,"href":"https:\/\/imprimeideas.es\/en\/wp-json\/wp\/v2\/product\/44084\/revisions"}],"predecessor-version":[{"id":55412,"href":"https:\/\/imprimeideas.es\/en\/wp-json\/wp\/v2\/product\/44084\/revisions\/55412"}],"wp:featuredmedia":[{"embeddable":true,"href":"https:\/\/imprimeideas.es\/en\/wp-json\/wp\/v2\/media\/69186"}],"wp:attachment":[{"href":"https:\/\/imprimeideas.es\/en\/wp-json\/wp\/v2\/media?parent=44084"}],"wp:term":[{"taxonomy":"product_brand","embeddable":true,"href":"https:\/\/imprimeideas.es\/en\/wp-json\/wp\/v2\/product_brand?post=44084"},{"taxonomy":"product_cat","embeddable":true,"href":"https:\/\/imprimeideas.es\/en\/wp-json\/wp\/v2\/product_cat?post=44084"},{"taxonomy":"product_tag","embeddable":true,"href":"https:\/\/imprimeideas.es\/en\/wp-json\/wp\/v2\/product_tag?post=44084"}],"curies":[{"name":"wp","href":"https:\/\/api.w.org\/{rel}","templated":true}]}}