{"id":44067,"date":"2026-02-24T11:33:09","date_gmt":"2026-02-24T10:33:09","guid":{"rendered":"https:\/\/imprimeideas.es\/?post_type=product&p=44067"},"modified":"2026-02-26T18:32:50","modified_gmt":"2026-02-26T17:32:50","slug":"panoleta-wasat","status":"publish","type":"product","link":"https:\/\/imprimeideas.es\/en\/product\/panoleta-wasat\/","title":{"rendered":"Pa\u00f1oleta Wasat"},"content":{"rendered":"<p>Pa\u00f1oleta tama\u00f1o extra de dise\u00f1o tirangular fabricada en 190T RPET. Con cuerpo en suave poli\u00e9ster reciclado de vivos y variados colores. Etiqueta distintiva y pespuntes de refuerzo en los laterales. Color blanco especialmente dise\u00f1ado para marcaje en sublimaci\u00f3n.El material RPET se elabora a partir de pl\u00e1stico reciclado, para as\u00ed fomentar la reutilizaci\u00f3n de residuos pl\u00e1sticos y ayudar a la sostenibilidad del planeta.<\/p>","protected":false},"excerpt":{"rendered":"<p>Pa\u00f1oleta tama\u00f1o extra de dise\u00f1o tirangular fabricada en 190T RPET. Con cuerpo en suave poli\u00e9ster reciclado de vivos y variados<\/p>","protected":false},"featured_media":75080,"comment_status":"open","ping_status":"open","template":"","meta":{"inline_featured_image":false},"product_brand":[],"product_cat":[122,113,112],"product_tag":[],"class_list":{"0":"post-44067","1":"product","2":"type-product","3":"status-publish","4":"has-post-thumbnail","6":"product_cat-articulos-sostenibles","7":"product_cat-eventos-y-fiesta","8":"product_cat-gorras-y-sombreros","10":"first","11":"instock","12":"taxable","13":"shipping-taxable","14":"purchasable","15":"product-type-variable","16":"has-default-attributes"},"aioseo_notices":[],"_links":{"self":[{"href":"https:\/\/imprimeideas.es\/en\/wp-json\/wp\/v2\/product\/44067","targetHints":{"allow":["GET"]}}],"collection":[{"href":"https:\/\/imprimeideas.es\/en\/wp-json\/wp\/v2\/product"}],"about":[{"href":"https:\/\/imprimeideas.es\/en\/wp-json\/wp\/v2\/types\/product"}],"replies":[{"embeddable":true,"href":"https:\/\/imprimeideas.es\/en\/wp-json\/wp\/v2\/comments?post=44067"}],"version-history":[{"count":1,"href":"https:\/\/imprimeideas.es\/en\/wp-json\/wp\/v2\/product\/44067\/revisions"}],"predecessor-version":[{"id":55405,"href":"https:\/\/imprimeideas.es\/en\/wp-json\/wp\/v2\/product\/44067\/revisions\/55405"}],"wp:featuredmedia":[{"embeddable":true,"href":"https:\/\/imprimeideas.es\/en\/wp-json\/wp\/v2\/media\/75080"}],"wp:attachment":[{"href":"https:\/\/imprimeideas.es\/en\/wp-json\/wp\/v2\/media?parent=44067"}],"wp:term":[{"taxonomy":"product_brand","embeddable":true,"href":"https:\/\/imprimeideas.es\/en\/wp-json\/wp\/v2\/product_brand?post=44067"},{"taxonomy":"product_cat","embeddable":true,"href":"https:\/\/imprimeideas.es\/en\/wp-json\/wp\/v2\/product_cat?post=44067"},{"taxonomy":"product_tag","embeddable":true,"href":"https:\/\/imprimeideas.es\/en\/wp-json\/wp\/v2\/product_tag?post=44067"}],"curies":[{"name":"wp","href":"https:\/\/api.w.org\/{rel}","templated":true}]}}