{"id":44050,"date":"2026-02-24T11:33:08","date_gmt":"2026-02-24T10:33:08","guid":{"rendered":"https:\/\/imprimeideas.es\/?post_type=product&p=44050"},"modified":"2026-02-26T18:19:37","modified_gmt":"2026-02-26T17:19:37","slug":"palo-luminoso-solstice","status":"publish","type":"product","link":"https:\/\/imprimeideas.es\/en\/product\/palo-luminoso-solstice\/","title":{"rendered":"Palo Luminoso Solstice"},"content":{"rendered":"<p>Original barra de luz, iluminada por brillantes LEDs. Fabricada en espuma de tacto suave y agradable, el interior se ilumina gracias a cuatro luces LEDs de variados colores. Alimentada por pilas de bot\u00f3n incluidas, su encendido resulta sencillo mediante un bot\u00f3n en la base con tres posiciones distintas (luz fija, luz intermitente r\u00e1pida o lenta). Este accesorio es ideal para destacar en cualquier evento. Presentado individualmente en una caja dise\u00f1o kraft.<\/p>","protected":false},"excerpt":{"rendered":"<p>Luces Led Multicolor. 3 Posiciones de Luz, Fija e Intermitente. Pilas Bot\u00f3n Incluidas<\/p>","protected":false},"featured_media":75640,"comment_status":"open","ping_status":"open","template":"","meta":{"inline_featured_image":false},"product_brand":[],"product_cat":[113],"product_tag":[],"class_list":{"0":"post-44050","1":"product","2":"type-product","3":"status-publish","4":"has-post-thumbnail","6":"product_cat-eventos-y-fiesta","8":"first","9":"instock","10":"taxable","11":"shipping-taxable","12":"purchasable","13":"product-type-variable","14":"has-default-attributes"},"aioseo_notices":[],"_links":{"self":[{"href":"https:\/\/imprimeideas.es\/en\/wp-json\/wp\/v2\/product\/44050","targetHints":{"allow":["GET"]}}],"collection":[{"href":"https:\/\/imprimeideas.es\/en\/wp-json\/wp\/v2\/product"}],"about":[{"href":"https:\/\/imprimeideas.es\/en\/wp-json\/wp\/v2\/types\/product"}],"replies":[{"embeddable":true,"href":"https:\/\/imprimeideas.es\/en\/wp-json\/wp\/v2\/comments?post=44050"}],"version-history":[{"count":1,"href":"https:\/\/imprimeideas.es\/en\/wp-json\/wp\/v2\/product\/44050\/revisions"}],"predecessor-version":[{"id":55402,"href":"https:\/\/imprimeideas.es\/en\/wp-json\/wp\/v2\/product\/44050\/revisions\/55402"}],"wp:featuredmedia":[{"embeddable":true,"href":"https:\/\/imprimeideas.es\/en\/wp-json\/wp\/v2\/media\/75640"}],"wp:attachment":[{"href":"https:\/\/imprimeideas.es\/en\/wp-json\/wp\/v2\/media?parent=44050"}],"wp:term":[{"taxonomy":"product_brand","embeddable":true,"href":"https:\/\/imprimeideas.es\/en\/wp-json\/wp\/v2\/product_brand?post=44050"},{"taxonomy":"product_cat","embeddable":true,"href":"https:\/\/imprimeideas.es\/en\/wp-json\/wp\/v2\/product_cat?post=44050"},{"taxonomy":"product_tag","embeddable":true,"href":"https:\/\/imprimeideas.es\/en\/wp-json\/wp\/v2\/product_tag?post=44050"}],"curies":[{"name":"wp","href":"https:\/\/api.w.org\/{rel}","templated":true}]}}