{"id":44048,"date":"2026-02-24T11:33:07","date_gmt":"2026-02-24T10:33:07","guid":{"rendered":"https:\/\/imprimeideas.es\/?post_type=product&p=44048"},"modified":"2026-02-26T18:19:29","modified_gmt":"2026-02-26T17:19:29","slug":"vaso-armos","status":"publish","type":"product","link":"https:\/\/imprimeideas.es\/en\/product\/vaso-armos\/","title":{"rendered":"Vaso Armos"},"content":{"rendered":"<p>Original vaso iluminado por luces LEDs, de 340 ml de capacidad fabricado en PS. Con pila de bot\u00f3n incluida para iluminar cualquier bebida deseada, animando cualquier evento. Se activa desde el bot\u00f3n que tiene en la base poder poner diversos colores. Presentado en una caja de dise\u00f1o kraft.<\/p>","protected":false},"excerpt":{"rendered":"<p>340 ml. Luces Led Multicolor. 2 Posiciones de Luz, Fija e Intermitente. Pilas Bot\u00f3n Incluidas<\/p>","protected":false},"featured_media":44528,"comment_status":"open","ping_status":"open","template":"","meta":{"inline_featured_image":false},"product_brand":[],"product_cat":[113],"product_tag":[],"class_list":{"0":"post-44048","1":"product","2":"type-product","3":"status-publish","4":"has-post-thumbnail","6":"product_cat-eventos-y-fiesta","8":"first","9":"instock","10":"taxable","11":"shipping-taxable","12":"purchasable","13":"product-type-variable","14":"has-default-attributes"},"aioseo_notices":[],"_links":{"self":[{"href":"https:\/\/imprimeideas.es\/en\/wp-json\/wp\/v2\/product\/44048","targetHints":{"allow":["GET"]}}],"collection":[{"href":"https:\/\/imprimeideas.es\/en\/wp-json\/wp\/v2\/product"}],"about":[{"href":"https:\/\/imprimeideas.es\/en\/wp-json\/wp\/v2\/types\/product"}],"replies":[{"embeddable":true,"href":"https:\/\/imprimeideas.es\/en\/wp-json\/wp\/v2\/comments?post=44048"}],"version-history":[{"count":1,"href":"https:\/\/imprimeideas.es\/en\/wp-json\/wp\/v2\/product\/44048\/revisions"}],"predecessor-version":[{"id":55401,"href":"https:\/\/imprimeideas.es\/en\/wp-json\/wp\/v2\/product\/44048\/revisions\/55401"}],"wp:featuredmedia":[{"embeddable":true,"href":"https:\/\/imprimeideas.es\/en\/wp-json\/wp\/v2\/media\/44528"}],"wp:attachment":[{"href":"https:\/\/imprimeideas.es\/en\/wp-json\/wp\/v2\/media?parent=44048"}],"wp:term":[{"taxonomy":"product_brand","embeddable":true,"href":"https:\/\/imprimeideas.es\/en\/wp-json\/wp\/v2\/product_brand?post=44048"},{"taxonomy":"product_cat","embeddable":true,"href":"https:\/\/imprimeideas.es\/en\/wp-json\/wp\/v2\/product_cat?post=44048"},{"taxonomy":"product_tag","embeddable":true,"href":"https:\/\/imprimeideas.es\/en\/wp-json\/wp\/v2\/product_tag?post=44048"}],"curies":[{"name":"wp","href":"https:\/\/api.w.org\/{rel}","templated":true}]}}