{"id":44046,"date":"2026-02-24T11:33:07","date_gmt":"2026-02-24T10:33:07","guid":{"rendered":"https:\/\/imprimeideas.es\/?post_type=product&p=44046"},"modified":"2026-02-26T18:32:51","modified_gmt":"2026-02-26T17:32:51","slug":"posavasos-vitaly","status":"publish","type":"product","link":"https:\/\/imprimeideas.es\/en\/product\/posavasos-vitaly\/","title":{"rendered":"Posavasos Vitaly"},"content":{"rendered":"<p>Original posavasos con 6 LEDs para iluminar las bebidas. Con bot\u00f3n en la base y 3 posiciones de iluminaci\u00f3n (luz fija y luz intermitente r\u00e1pida o lenta) . Se fija a la base de cualquier bebida con cinta autoadhesiva y est\u00e1 alimentado por dos pilas de bot\u00f3n (incluidas).<\/p>","protected":false},"excerpt":{"rendered":"<p>Luces Led Multicolor. 3 Posiciones de Luz, Fija e Intermitente. Pilas Bot\u00f3n Incluidas<\/p>","protected":false},"featured_media":78754,"comment_status":"open","ping_status":"open","template":"","meta":{"inline_featured_image":false},"product_brand":[],"product_cat":[113],"product_tag":[],"class_list":{"0":"post-44046","1":"product","2":"type-product","3":"status-publish","4":"has-post-thumbnail","6":"product_cat-eventos-y-fiesta","8":"first","9":"instock","10":"taxable","11":"shipping-taxable","12":"purchasable","13":"product-type-variable","14":"has-default-attributes"},"aioseo_notices":[],"_links":{"self":[{"href":"https:\/\/imprimeideas.es\/en\/wp-json\/wp\/v2\/product\/44046","targetHints":{"allow":["GET"]}}],"collection":[{"href":"https:\/\/imprimeideas.es\/en\/wp-json\/wp\/v2\/product"}],"about":[{"href":"https:\/\/imprimeideas.es\/en\/wp-json\/wp\/v2\/types\/product"}],"replies":[{"embeddable":true,"href":"https:\/\/imprimeideas.es\/en\/wp-json\/wp\/v2\/comments?post=44046"}],"version-history":[{"count":1,"href":"https:\/\/imprimeideas.es\/en\/wp-json\/wp\/v2\/product\/44046\/revisions"}],"predecessor-version":[{"id":55400,"href":"https:\/\/imprimeideas.es\/en\/wp-json\/wp\/v2\/product\/44046\/revisions\/55400"}],"wp:featuredmedia":[{"embeddable":true,"href":"https:\/\/imprimeideas.es\/en\/wp-json\/wp\/v2\/media\/78754"}],"wp:attachment":[{"href":"https:\/\/imprimeideas.es\/en\/wp-json\/wp\/v2\/media?parent=44046"}],"wp:term":[{"taxonomy":"product_brand","embeddable":true,"href":"https:\/\/imprimeideas.es\/en\/wp-json\/wp\/v2\/product_brand?post=44046"},{"taxonomy":"product_cat","embeddable":true,"href":"https:\/\/imprimeideas.es\/en\/wp-json\/wp\/v2\/product_cat?post=44046"},{"taxonomy":"product_tag","embeddable":true,"href":"https:\/\/imprimeideas.es\/en\/wp-json\/wp\/v2\/product_tag?post=44046"}],"curies":[{"name":"wp","href":"https:\/\/api.w.org\/{rel}","templated":true}]}}