{"id":44043,"date":"2026-02-24T11:33:07","date_gmt":"2026-02-24T10:33:07","guid":{"rendered":"https:\/\/imprimeideas.es\/?post_type=product&p=44043"},"modified":"2026-02-26T18:08:21","modified_gmt":"2026-02-26T17:08:21","slug":"posavasos-stanfor","status":"publish","type":"product","link":"https:\/\/imprimeideas.es\/en\/product\/posavasos-stanfor\/","title":{"rendered":"Posavasos Stanfor"},"content":{"rendered":"<p>Original posavasos con 6 LEDs para iluminar las bebidas. Con bot\u00f3n en la base y diferentes posiciones de iluminaci\u00f3n: en colores fijos o variados. Se fija a la base de cualquier bebida con cinta autoadhesiva y est\u00e1 alimentado por dos pilas de bot\u00f3n (incluidas).<\/p>","protected":false},"excerpt":{"rendered":"<p>Luces Led Multicolor. 2 Posiciones de Luz, Fija e Intermitente. Adhesivo. Pilas Bot\u00f3n Incluidas<\/p>","protected":false},"featured_media":69014,"comment_status":"open","ping_status":"open","template":"","meta":{"inline_featured_image":false},"product_brand":[],"product_cat":[113],"product_tag":[],"class_list":{"0":"post-44043","1":"product","2":"type-product","3":"status-publish","4":"has-post-thumbnail","6":"product_cat-eventos-y-fiesta","8":"first","9":"instock","10":"taxable","11":"shipping-taxable","12":"purchasable","13":"product-type-variable","14":"has-default-attributes"},"aioseo_notices":[],"_links":{"self":[{"href":"https:\/\/imprimeideas.es\/en\/wp-json\/wp\/v2\/product\/44043","targetHints":{"allow":["GET"]}}],"collection":[{"href":"https:\/\/imprimeideas.es\/en\/wp-json\/wp\/v2\/product"}],"about":[{"href":"https:\/\/imprimeideas.es\/en\/wp-json\/wp\/v2\/types\/product"}],"replies":[{"embeddable":true,"href":"https:\/\/imprimeideas.es\/en\/wp-json\/wp\/v2\/comments?post=44043"}],"version-history":[{"count":1,"href":"https:\/\/imprimeideas.es\/en\/wp-json\/wp\/v2\/product\/44043\/revisions"}],"predecessor-version":[{"id":55399,"href":"https:\/\/imprimeideas.es\/en\/wp-json\/wp\/v2\/product\/44043\/revisions\/55399"}],"wp:featuredmedia":[{"embeddable":true,"href":"https:\/\/imprimeideas.es\/en\/wp-json\/wp\/v2\/media\/69014"}],"wp:attachment":[{"href":"https:\/\/imprimeideas.es\/en\/wp-json\/wp\/v2\/media?parent=44043"}],"wp:term":[{"taxonomy":"product_brand","embeddable":true,"href":"https:\/\/imprimeideas.es\/en\/wp-json\/wp\/v2\/product_brand?post=44043"},{"taxonomy":"product_cat","embeddable":true,"href":"https:\/\/imprimeideas.es\/en\/wp-json\/wp\/v2\/product_cat?post=44043"},{"taxonomy":"product_tag","embeddable":true,"href":"https:\/\/imprimeideas.es\/en\/wp-json\/wp\/v2\/product_tag?post=44043"}],"curies":[{"name":"wp","href":"https:\/\/api.w.org\/{rel}","templated":true}]}}