{"id":44035,"date":"2026-02-24T11:33:06","date_gmt":"2026-02-24T10:33:06","guid":{"rendered":"https:\/\/imprimeideas.es\/?post_type=product&p=44035"},"modified":"2026-02-26T18:19:26","modified_gmt":"2026-02-26T17:19:26","slug":"pulsera-sedoria","status":"publish","type":"product","link":"https:\/\/imprimeideas.es\/en\/product\/pulsera-sedoria\/","title":{"rendered":"Pulsera Sedoria"},"content":{"rendered":"<p>Original pulsera con luces LEDs. En suave silicona y con 2 luces LEDs de colores en su interior, alimentadas por pila de bot\u00f3n (incluida). Con discreto interruptor sensible al sonido y que cambia autom\u00e1ticamente el color de las luces al ritmo de la m\u00fasica. Presentada individualmente en una bolsa de papel reciclado.<\/p>","protected":false},"excerpt":{"rendered":"<p>Luces Led Multicolor. Pilas Bot\u00f3n Incluidas<\/p>","protected":false},"featured_media":72219,"comment_status":"open","ping_status":"open","template":"","meta":{"inline_featured_image":false},"product_brand":[],"product_cat":[113],"product_tag":[],"class_list":{"0":"post-44035","1":"product","2":"type-product","3":"status-publish","4":"has-post-thumbnail","6":"product_cat-eventos-y-fiesta","8":"first","9":"instock","10":"taxable","11":"shipping-taxable","12":"purchasable","13":"product-type-variable","14":"has-default-attributes"},"aioseo_notices":[],"_links":{"self":[{"href":"https:\/\/imprimeideas.es\/en\/wp-json\/wp\/v2\/product\/44035","targetHints":{"allow":["GET"]}}],"collection":[{"href":"https:\/\/imprimeideas.es\/en\/wp-json\/wp\/v2\/product"}],"about":[{"href":"https:\/\/imprimeideas.es\/en\/wp-json\/wp\/v2\/types\/product"}],"replies":[{"embeddable":true,"href":"https:\/\/imprimeideas.es\/en\/wp-json\/wp\/v2\/comments?post=44035"}],"version-history":[{"count":1,"href":"https:\/\/imprimeideas.es\/en\/wp-json\/wp\/v2\/product\/44035\/revisions"}],"predecessor-version":[{"id":55397,"href":"https:\/\/imprimeideas.es\/en\/wp-json\/wp\/v2\/product\/44035\/revisions\/55397"}],"wp:featuredmedia":[{"embeddable":true,"href":"https:\/\/imprimeideas.es\/en\/wp-json\/wp\/v2\/media\/72219"}],"wp:attachment":[{"href":"https:\/\/imprimeideas.es\/en\/wp-json\/wp\/v2\/media?parent=44035"}],"wp:term":[{"taxonomy":"product_brand","embeddable":true,"href":"https:\/\/imprimeideas.es\/en\/wp-json\/wp\/v2\/product_brand?post=44035"},{"taxonomy":"product_cat","embeddable":true,"href":"https:\/\/imprimeideas.es\/en\/wp-json\/wp\/v2\/product_cat?post=44035"},{"taxonomy":"product_tag","embeddable":true,"href":"https:\/\/imprimeideas.es\/en\/wp-json\/wp\/v2\/product_tag?post=44035"}],"curies":[{"name":"wp","href":"https:\/\/api.w.org\/{rel}","templated":true}]}}