{"id":44025,"date":"2026-02-24T11:33:05","date_gmt":"2026-02-24T10:33:05","guid":{"rendered":"https:\/\/imprimeideas.es\/?post_type=product&p=44025"},"modified":"2026-02-26T18:19:38","modified_gmt":"2026-02-26T17:19:38","slug":"bolsa-nevera-presli","status":"publish","type":"product","link":"https:\/\/imprimeideas.es\/en\/product\/bolsa-nevera-presli\/","title":{"rendered":"Bolsa Nevera Presli"},"content":{"rendered":"<p>Bolsa nevera confeccionada en combinaci\u00f3n de algod\u00f3n y yute laminado, con interior isotermico de aluminio. Con cierre de velcro, amplio bolsillo frontal y asas de algod\u00f3n con refuerzo. Disponible en color natural y presentada en bolsa individual.<\/p>","protected":false},"excerpt":{"rendered":"<p>Bolsa nevera confeccionada en combinaci\u00f3n de algod\u00f3n y yute laminado, con interior isotermico de aluminio. Con cierre de velcro, amplio<\/p>","protected":false},"featured_media":61640,"comment_status":"open","ping_status":"open","template":"","meta":{"inline_featured_image":false},"product_brand":[],"product_cat":[98],"product_tag":[],"class_list":{"0":"post-44025","1":"product","2":"type-product","3":"status-publish","4":"has-post-thumbnail","6":"product_cat-take-away","8":"first","9":"instock","10":"taxable","11":"shipping-taxable","12":"purchasable","13":"product-type-variable","14":"has-default-attributes"},"aioseo_notices":[],"_links":{"self":[{"href":"https:\/\/imprimeideas.es\/en\/wp-json\/wp\/v2\/product\/44025","targetHints":{"allow":["GET"]}}],"collection":[{"href":"https:\/\/imprimeideas.es\/en\/wp-json\/wp\/v2\/product"}],"about":[{"href":"https:\/\/imprimeideas.es\/en\/wp-json\/wp\/v2\/types\/product"}],"replies":[{"embeddable":true,"href":"https:\/\/imprimeideas.es\/en\/wp-json\/wp\/v2\/comments?post=44025"}],"version-history":[{"count":1,"href":"https:\/\/imprimeideas.es\/en\/wp-json\/wp\/v2\/product\/44025\/revisions"}],"predecessor-version":[{"id":55394,"href":"https:\/\/imprimeideas.es\/en\/wp-json\/wp\/v2\/product\/44025\/revisions\/55394"}],"wp:featuredmedia":[{"embeddable":true,"href":"https:\/\/imprimeideas.es\/en\/wp-json\/wp\/v2\/media\/61640"}],"wp:attachment":[{"href":"https:\/\/imprimeideas.es\/en\/wp-json\/wp\/v2\/media?parent=44025"}],"wp:term":[{"taxonomy":"product_brand","embeddable":true,"href":"https:\/\/imprimeideas.es\/en\/wp-json\/wp\/v2\/product_brand?post=44025"},{"taxonomy":"product_cat","embeddable":true,"href":"https:\/\/imprimeideas.es\/en\/wp-json\/wp\/v2\/product_cat?post=44025"},{"taxonomy":"product_tag","embeddable":true,"href":"https:\/\/imprimeideas.es\/en\/wp-json\/wp\/v2\/product_tag?post=44025"}],"curies":[{"name":"wp","href":"https:\/\/api.w.org\/{rel}","templated":true}]}}