{"id":44013,"date":"2026-02-24T11:33:04","date_gmt":"2026-02-24T10:33:04","guid":{"rendered":"https:\/\/imprimeideas.es\/?post_type=product&p=44013"},"modified":"2026-02-26T18:08:19","modified_gmt":"2026-02-26T17:08:19","slug":"portabidon-rafle","status":"publish","type":"product","link":"https:\/\/imprimeideas.es\/en\/product\/portabidon-rafle\/","title":{"rendered":"Portabid\u00f3n Rafle"},"content":{"rendered":"<p>Portabidones de hasta 1,5L, fabricada en soft shell. Con cierre de cord\u00f3n y se lleva c\u00f3modamente con la cinta para el hombro ajustable. Con bolsillos frontales de cremallera. Presentado individualmente en bolsa reciclada.<\/p>","protected":false},"excerpt":{"rendered":"<p>Portabidones de hasta 1,5L, fabricada en soft shell. Con cierre de cord\u00f3n y se lleva c\u00f3modamente con la cinta para<\/p>","protected":false},"featured_media":85335,"comment_status":"open","ping_status":"open","template":"","meta":{"inline_featured_image":false},"product_brand":[],"product_cat":[98],"product_tag":[],"class_list":{"0":"post-44013","1":"product","2":"type-product","3":"status-publish","4":"has-post-thumbnail","6":"product_cat-take-away","8":"first","9":"instock","10":"taxable","11":"shipping-taxable","12":"purchasable","13":"product-type-variable","14":"has-default-attributes"},"aioseo_notices":[],"_links":{"self":[{"href":"https:\/\/imprimeideas.es\/en\/wp-json\/wp\/v2\/product\/44013","targetHints":{"allow":["GET"]}}],"collection":[{"href":"https:\/\/imprimeideas.es\/en\/wp-json\/wp\/v2\/product"}],"about":[{"href":"https:\/\/imprimeideas.es\/en\/wp-json\/wp\/v2\/types\/product"}],"replies":[{"embeddable":true,"href":"https:\/\/imprimeideas.es\/en\/wp-json\/wp\/v2\/comments?post=44013"}],"version-history":[{"count":1,"href":"https:\/\/imprimeideas.es\/en\/wp-json\/wp\/v2\/product\/44013\/revisions"}],"predecessor-version":[{"id":55391,"href":"https:\/\/imprimeideas.es\/en\/wp-json\/wp\/v2\/product\/44013\/revisions\/55391"}],"wp:featuredmedia":[{"embeddable":true,"href":"https:\/\/imprimeideas.es\/en\/wp-json\/wp\/v2\/media\/85335"}],"wp:attachment":[{"href":"https:\/\/imprimeideas.es\/en\/wp-json\/wp\/v2\/media?parent=44013"}],"wp:term":[{"taxonomy":"product_brand","embeddable":true,"href":"https:\/\/imprimeideas.es\/en\/wp-json\/wp\/v2\/product_brand?post=44013"},{"taxonomy":"product_cat","embeddable":true,"href":"https:\/\/imprimeideas.es\/en\/wp-json\/wp\/v2\/product_cat?post=44013"},{"taxonomy":"product_tag","embeddable":true,"href":"https:\/\/imprimeideas.es\/en\/wp-json\/wp\/v2\/product_tag?post=44013"}],"curies":[{"name":"wp","href":"https:\/\/api.w.org\/{rel}","templated":true}]}}