{"id":44007,"date":"2026-02-24T11:33:03","date_gmt":"2026-02-24T10:33:03","guid":{"rendered":"https:\/\/imprimeideas.es\/?post_type=product&p=44007"},"modified":"2026-02-26T18:42:27","modified_gmt":"2026-02-26T17:42:27","slug":"nevera-vilan","status":"publish","type":"product","link":"https:\/\/imprimeideas.es\/en\/product\/nevera-vilan\/","title":{"rendered":"Nevera Vilan"},"content":{"rendered":"<p>Nevera fabricada en PP de 4L. Atractivo dise\u00f1o vintage para mantener bebidas y alimentos fr\u00edos, de dise\u00f1o r\u00edgido con doble pared. Tapadera de bisagra con cierre de seguridad y asa r\u00edgida para un f\u00e1cil transporte. Con base de color gris y accesorios en blanco. Presentada individualmente en bolsa reciclada.<\/p>","protected":false},"excerpt":{"rendered":"<p>4 L<\/p>","protected":false},"featured_media":44477,"comment_status":"open","ping_status":"open","template":"","meta":{"inline_featured_image":false},"product_brand":[],"product_cat":[98,114],"product_tag":[],"class_list":{"0":"post-44007","1":"product","2":"type-product","3":"status-publish","4":"has-post-thumbnail","6":"product_cat-take-away","7":"product_cat-verano-y-playa","9":"first","10":"instock","11":"taxable","12":"shipping-taxable","13":"purchasable","14":"product-type-variable","15":"has-default-attributes"},"aioseo_notices":[],"_links":{"self":[{"href":"https:\/\/imprimeideas.es\/en\/wp-json\/wp\/v2\/product\/44007","targetHints":{"allow":["GET"]}}],"collection":[{"href":"https:\/\/imprimeideas.es\/en\/wp-json\/wp\/v2\/product"}],"about":[{"href":"https:\/\/imprimeideas.es\/en\/wp-json\/wp\/v2\/types\/product"}],"replies":[{"embeddable":true,"href":"https:\/\/imprimeideas.es\/en\/wp-json\/wp\/v2\/comments?post=44007"}],"version-history":[{"count":1,"href":"https:\/\/imprimeideas.es\/en\/wp-json\/wp\/v2\/product\/44007\/revisions"}],"predecessor-version":[{"id":55389,"href":"https:\/\/imprimeideas.es\/en\/wp-json\/wp\/v2\/product\/44007\/revisions\/55389"}],"wp:featuredmedia":[{"embeddable":true,"href":"https:\/\/imprimeideas.es\/en\/wp-json\/wp\/v2\/media\/44477"}],"wp:attachment":[{"href":"https:\/\/imprimeideas.es\/en\/wp-json\/wp\/v2\/media?parent=44007"}],"wp:term":[{"taxonomy":"product_brand","embeddable":true,"href":"https:\/\/imprimeideas.es\/en\/wp-json\/wp\/v2\/product_brand?post=44007"},{"taxonomy":"product_cat","embeddable":true,"href":"https:\/\/imprimeideas.es\/en\/wp-json\/wp\/v2\/product_cat?post=44007"},{"taxonomy":"product_tag","embeddable":true,"href":"https:\/\/imprimeideas.es\/en\/wp-json\/wp\/v2\/product_tag?post=44007"}],"curies":[{"name":"wp","href":"https:\/\/api.w.org\/{rel}","templated":true}]}}