{"id":43968,"date":"2026-02-24T11:32:33","date_gmt":"2026-02-24T10:32:33","guid":{"rendered":"https:\/\/imprimeideas.es\/?post_type=product&p=43968"},"modified":"2026-02-26T18:32:50","modified_gmt":"2026-02-26T17:32:50","slug":"nevera-glaxia","status":"publish","type":"product","link":"https:\/\/imprimeideas.es\/en\/product\/nevera-glaxia\/","title":{"rendered":"Nevera Glaxia"},"content":{"rendered":"<p>Nevera confeccionada en resistente poli\u00e9ster 600D RPET con un atractivo efecto melange. Su compartimento principal cuenta con cierre de cremallera y forro interior de aluminio. Adem\u00e1s, incorpora un pr\u00e1ctico bolsillo exterior y una cinta bandolera ajustable, destacando el logotipo RPET en la etiqueta exterior. Incluye fiambrera con dos compartimentos de 700 ml y cubiertos fabricados en PP reciclado de color negro. Presentado de manera individual en una bolsa reciclada.El material RPET se elabora a partir de pl\u00e1stico reciclado, para as\u00ed fomentar la reutilizaci\u00f3n de residuos pl\u00e1sticos y ayudar a la sostenibilidad del planeta.<\/p>","protected":false},"excerpt":{"rendered":"<p>Fiambrera PP Reciclado, 2 Compartimentos 700 ml Incluida<\/p>","protected":false},"featured_media":68672,"comment_status":"open","ping_status":"open","template":"","meta":{"inline_featured_image":false},"product_brand":[],"product_cat":[118,98],"product_tag":[],"class_list":{"0":"post-43968","1":"product","2":"type-product","3":"status-publish","4":"has-post-thumbnail","6":"product_cat-lluvia-y-frio","7":"product_cat-take-away","9":"first","10":"instock","11":"taxable","12":"shipping-taxable","13":"purchasable","14":"product-type-variable","15":"has-default-attributes"},"aioseo_notices":[],"_links":{"self":[{"href":"https:\/\/imprimeideas.es\/en\/wp-json\/wp\/v2\/product\/43968","targetHints":{"allow":["GET"]}}],"collection":[{"href":"https:\/\/imprimeideas.es\/en\/wp-json\/wp\/v2\/product"}],"about":[{"href":"https:\/\/imprimeideas.es\/en\/wp-json\/wp\/v2\/types\/product"}],"replies":[{"embeddable":true,"href":"https:\/\/imprimeideas.es\/en\/wp-json\/wp\/v2\/comments?post=43968"}],"version-history":[{"count":1,"href":"https:\/\/imprimeideas.es\/en\/wp-json\/wp\/v2\/product\/43968\/revisions"}],"predecessor-version":[{"id":55381,"href":"https:\/\/imprimeideas.es\/en\/wp-json\/wp\/v2\/product\/43968\/revisions\/55381"}],"wp:featuredmedia":[{"embeddable":true,"href":"https:\/\/imprimeideas.es\/en\/wp-json\/wp\/v2\/media\/68672"}],"wp:attachment":[{"href":"https:\/\/imprimeideas.es\/en\/wp-json\/wp\/v2\/media?parent=43968"}],"wp:term":[{"taxonomy":"product_brand","embeddable":true,"href":"https:\/\/imprimeideas.es\/en\/wp-json\/wp\/v2\/product_brand?post=43968"},{"taxonomy":"product_cat","embeddable":true,"href":"https:\/\/imprimeideas.es\/en\/wp-json\/wp\/v2\/product_cat?post=43968"},{"taxonomy":"product_tag","embeddable":true,"href":"https:\/\/imprimeideas.es\/en\/wp-json\/wp\/v2\/product_tag?post=43968"}],"curies":[{"name":"wp","href":"https:\/\/api.w.org\/{rel}","templated":true}]}}