{"id":43966,"date":"2026-02-24T11:32:33","date_gmt":"2026-02-24T10:32:33","guid":{"rendered":"https:\/\/imprimeideas.es\/?post_type=product&p=43966"},"modified":"2026-02-26T18:23:26","modified_gmt":"2026-02-26T17:23:26","slug":"lampara-rodina","status":"publish","type":"product","link":"https:\/\/imprimeideas.es\/en\/product\/lampara-rodina\/","title":{"rendered":"L\u00e1mpara Rodina"},"content":{"rendered":"<p>Original l\u00e1mpara tarro solar, fabricada en resistente material cristal y con una tira interior decorativa de 20 LEDs. Incluye tapadera a rosca met\u00e1lica con minipanel solar de recarga integrado y una bater\u00eda recargable de 300 mAh. Con pr\u00e1ctica asa para transportar o colgar, y presentada en caja individual de dise\u00f1o kraft.<\/p>","protected":false},"excerpt":{"rendered":"<p>20 Ledes. Carga Solar. Bater\u00eda 300 mAh<\/p>","protected":false},"featured_media":77771,"comment_status":"open","ping_status":"open","template":"","meta":{"inline_featured_image":false},"product_brand":[],"product_cat":[104,106],"product_tag":[],"class_list":{"0":"post-43966","1":"product","2":"type-product","3":"status-publish","4":"has-post-thumbnail","6":"product_cat-hogar-y-decoracion","7":"product_cat-regalos-y-premiums","9":"first","10":"instock","11":"taxable","12":"shipping-taxable","13":"purchasable","14":"product-type-variable","15":"has-default-attributes"},"aioseo_notices":[],"_links":{"self":[{"href":"https:\/\/imprimeideas.es\/en\/wp-json\/wp\/v2\/product\/43966","targetHints":{"allow":["GET"]}}],"collection":[{"href":"https:\/\/imprimeideas.es\/en\/wp-json\/wp\/v2\/product"}],"about":[{"href":"https:\/\/imprimeideas.es\/en\/wp-json\/wp\/v2\/types\/product"}],"replies":[{"embeddable":true,"href":"https:\/\/imprimeideas.es\/en\/wp-json\/wp\/v2\/comments?post=43966"}],"version-history":[{"count":1,"href":"https:\/\/imprimeideas.es\/en\/wp-json\/wp\/v2\/product\/43966\/revisions"}],"predecessor-version":[{"id":55380,"href":"https:\/\/imprimeideas.es\/en\/wp-json\/wp\/v2\/product\/43966\/revisions\/55380"}],"wp:featuredmedia":[{"embeddable":true,"href":"https:\/\/imprimeideas.es\/en\/wp-json\/wp\/v2\/media\/77771"}],"wp:attachment":[{"href":"https:\/\/imprimeideas.es\/en\/wp-json\/wp\/v2\/media?parent=43966"}],"wp:term":[{"taxonomy":"product_brand","embeddable":true,"href":"https:\/\/imprimeideas.es\/en\/wp-json\/wp\/v2\/product_brand?post=43966"},{"taxonomy":"product_cat","embeddable":true,"href":"https:\/\/imprimeideas.es\/en\/wp-json\/wp\/v2\/product_cat?post=43966"},{"taxonomy":"product_tag","embeddable":true,"href":"https:\/\/imprimeideas.es\/en\/wp-json\/wp\/v2\/product_tag?post=43966"}],"curies":[{"name":"wp","href":"https:\/\/api.w.org\/{rel}","templated":true}]}}