{"id":43959,"date":"2026-02-24T11:32:32","date_gmt":"2026-02-24T10:32:32","guid":{"rendered":"https:\/\/imprimeideas.es\/?post_type=product&p=43959"},"modified":"2026-02-26T18:19:11","modified_gmt":"2026-02-26T17:19:11","slug":"portafotos-vesper","status":"publish","type":"product","link":"https:\/\/imprimeideas.es\/en\/product\/portafotos-vesper\/","title":{"rendered":"Portafotos Vesper"},"content":{"rendered":"<p>Original portafotos cubo fabricado en madera natural. Su dise\u00f1o en forma de cubo permite mostrar las 4 fotos m\u00e1s destacadas del \u00e1lbum y, adem\u00e1s, cuenta con una base giratoria 360\u00ba. Ideal para fotos de hasta 13,5&#215;9 cm. Presentado en caja individual de dise\u00f1o kraft.<\/p>","protected":false},"excerpt":{"rendered":"<p>Fotos: 13,5 x 9 cm<\/p>","protected":false},"featured_media":61944,"comment_status":"open","ping_status":"open","template":"","meta":{"inline_featured_image":false},"product_brand":[],"product_cat":[104,106],"product_tag":[],"class_list":{"0":"post-43959","1":"product","2":"type-product","3":"status-publish","4":"has-post-thumbnail","6":"product_cat-hogar-y-decoracion","7":"product_cat-regalos-y-premiums","9":"first","10":"instock","11":"taxable","12":"shipping-taxable","13":"purchasable","14":"product-type-variable","15":"has-default-attributes"},"aioseo_notices":[],"_links":{"self":[{"href":"https:\/\/imprimeideas.es\/en\/wp-json\/wp\/v2\/product\/43959","targetHints":{"allow":["GET"]}}],"collection":[{"href":"https:\/\/imprimeideas.es\/en\/wp-json\/wp\/v2\/product"}],"about":[{"href":"https:\/\/imprimeideas.es\/en\/wp-json\/wp\/v2\/types\/product"}],"replies":[{"embeddable":true,"href":"https:\/\/imprimeideas.es\/en\/wp-json\/wp\/v2\/comments?post=43959"}],"version-history":[{"count":1,"href":"https:\/\/imprimeideas.es\/en\/wp-json\/wp\/v2\/product\/43959\/revisions"}],"predecessor-version":[{"id":55377,"href":"https:\/\/imprimeideas.es\/en\/wp-json\/wp\/v2\/product\/43959\/revisions\/55377"}],"wp:featuredmedia":[{"embeddable":true,"href":"https:\/\/imprimeideas.es\/en\/wp-json\/wp\/v2\/media\/61944"}],"wp:attachment":[{"href":"https:\/\/imprimeideas.es\/en\/wp-json\/wp\/v2\/media?parent=43959"}],"wp:term":[{"taxonomy":"product_brand","embeddable":true,"href":"https:\/\/imprimeideas.es\/en\/wp-json\/wp\/v2\/product_brand?post=43959"},{"taxonomy":"product_cat","embeddable":true,"href":"https:\/\/imprimeideas.es\/en\/wp-json\/wp\/v2\/product_cat?post=43959"},{"taxonomy":"product_tag","embeddable":true,"href":"https:\/\/imprimeideas.es\/en\/wp-json\/wp\/v2\/product_tag?post=43959"}],"curies":[{"name":"wp","href":"https:\/\/api.w.org\/{rel}","templated":true}]}}