{"id":43957,"date":"2026-02-24T11:32:32","date_gmt":"2026-02-24T10:32:32","guid":{"rendered":"https:\/\/imprimeideas.es\/?post_type=product&p=43957"},"modified":"2026-02-26T18:19:16","modified_gmt":"2026-02-26T17:19:16","slug":"fuente-de-agua-huntan","status":"publish","type":"product","link":"https:\/\/imprimeideas.es\/en\/product\/fuente-de-agua-huntan\/","title":{"rendered":"Fuente de Agua Huntan"},"content":{"rendered":"<p>Fuente port\u00e1til de agua infinita con luces LED. Cascada de agua sobre piedras naturales, ideal para decoraci\u00f3n o momentos de relajaci\u00f3n. Incluye un dep\u00f3sito para el agua y una estructura iluminada por LEDs de tonos naturales, a trav\u00e9s de la que fluye el agua. Alimentada por 3 pilas AA (no incluidas). Presentada en caja de dise\u00f1o kraft.<\/p>","protected":false},"excerpt":{"rendered":"<p>1 Led. 20 Piedras Incluidas. 3 Pilas AA No Incluidas<\/p>","protected":false},"featured_media":77724,"comment_status":"open","ping_status":"open","template":"","meta":{"inline_featured_image":false},"product_brand":[],"product_cat":[104,106],"product_tag":[],"class_list":{"0":"post-43957","1":"product","2":"type-product","3":"status-publish","4":"has-post-thumbnail","6":"product_cat-hogar-y-decoracion","7":"product_cat-regalos-y-premiums","9":"first","10":"instock","11":"taxable","12":"shipping-taxable","13":"purchasable","14":"product-type-variable","15":"has-default-attributes"},"aioseo_notices":[],"_links":{"self":[{"href":"https:\/\/imprimeideas.es\/en\/wp-json\/wp\/v2\/product\/43957","targetHints":{"allow":["GET"]}}],"collection":[{"href":"https:\/\/imprimeideas.es\/en\/wp-json\/wp\/v2\/product"}],"about":[{"href":"https:\/\/imprimeideas.es\/en\/wp-json\/wp\/v2\/types\/product"}],"replies":[{"embeddable":true,"href":"https:\/\/imprimeideas.es\/en\/wp-json\/wp\/v2\/comments?post=43957"}],"version-history":[{"count":1,"href":"https:\/\/imprimeideas.es\/en\/wp-json\/wp\/v2\/product\/43957\/revisions"}],"predecessor-version":[{"id":55376,"href":"https:\/\/imprimeideas.es\/en\/wp-json\/wp\/v2\/product\/43957\/revisions\/55376"}],"wp:featuredmedia":[{"embeddable":true,"href":"https:\/\/imprimeideas.es\/en\/wp-json\/wp\/v2\/media\/77724"}],"wp:attachment":[{"href":"https:\/\/imprimeideas.es\/en\/wp-json\/wp\/v2\/media?parent=43957"}],"wp:term":[{"taxonomy":"product_brand","embeddable":true,"href":"https:\/\/imprimeideas.es\/en\/wp-json\/wp\/v2\/product_brand?post=43957"},{"taxonomy":"product_cat","embeddable":true,"href":"https:\/\/imprimeideas.es\/en\/wp-json\/wp\/v2\/product_cat?post=43957"},{"taxonomy":"product_tag","embeddable":true,"href":"https:\/\/imprimeideas.es\/en\/wp-json\/wp\/v2\/product_tag?post=43957"}],"curies":[{"name":"wp","href":"https:\/\/api.w.org\/{rel}","templated":true}]}}