{"id":43938,"date":"2026-02-24T11:32:30","date_gmt":"2026-02-24T10:32:30","guid":{"rendered":"https:\/\/imprimeideas.es\/?post_type=product&p=43938"},"modified":"2026-02-26T18:13:47","modified_gmt":"2026-02-26T17:13:47","slug":"vela-aromatica-hetfil","status":"publish","type":"product","link":"https:\/\/imprimeideas.es\/en\/product\/vela-aromatica-hetfil\/","title":{"rendered":"Vela Arom\u00e1tica Hetfil"},"content":{"rendered":"<p>Vela arom\u00e1tica en tarro de metal en elegantes colores, con aroma a vainilla. Presentada en caja individual dise\u00f1o kraft.<\/p>","protected":false},"excerpt":{"rendered":"<p>Aroma Vainilla<\/p>","protected":false},"featured_media":82367,"comment_status":"open","ping_status":"open","template":"","meta":{"inline_featured_image":false},"product_brand":[],"product_cat":[104],"product_tag":[],"class_list":{"0":"post-43938","1":"product","2":"type-product","3":"status-publish","4":"has-post-thumbnail","6":"product_cat-hogar-y-decoracion","8":"first","9":"instock","10":"taxable","11":"shipping-taxable","12":"purchasable","13":"product-type-variable","14":"has-default-attributes"},"aioseo_notices":[],"_links":{"self":[{"href":"https:\/\/imprimeideas.es\/en\/wp-json\/wp\/v2\/product\/43938","targetHints":{"allow":["GET"]}}],"collection":[{"href":"https:\/\/imprimeideas.es\/en\/wp-json\/wp\/v2\/product"}],"about":[{"href":"https:\/\/imprimeideas.es\/en\/wp-json\/wp\/v2\/types\/product"}],"replies":[{"embeddable":true,"href":"https:\/\/imprimeideas.es\/en\/wp-json\/wp\/v2\/comments?post=43938"}],"version-history":[{"count":1,"href":"https:\/\/imprimeideas.es\/en\/wp-json\/wp\/v2\/product\/43938\/revisions"}],"predecessor-version":[{"id":55372,"href":"https:\/\/imprimeideas.es\/en\/wp-json\/wp\/v2\/product\/43938\/revisions\/55372"}],"wp:featuredmedia":[{"embeddable":true,"href":"https:\/\/imprimeideas.es\/en\/wp-json\/wp\/v2\/media\/82367"}],"wp:attachment":[{"href":"https:\/\/imprimeideas.es\/en\/wp-json\/wp\/v2\/media?parent=43938"}],"wp:term":[{"taxonomy":"product_brand","embeddable":true,"href":"https:\/\/imprimeideas.es\/en\/wp-json\/wp\/v2\/product_brand?post=43938"},{"taxonomy":"product_cat","embeddable":true,"href":"https:\/\/imprimeideas.es\/en\/wp-json\/wp\/v2\/product_cat?post=43938"},{"taxonomy":"product_tag","embeddable":true,"href":"https:\/\/imprimeideas.es\/en\/wp-json\/wp\/v2\/product_tag?post=43938"}],"curies":[{"name":"wp","href":"https:\/\/api.w.org\/{rel}","templated":true}]}}