{"id":43916,"date":"2026-02-24T11:32:28","date_gmt":"2026-02-24T10:32:28","guid":{"rendered":"https:\/\/imprimeideas.es\/?post_type=product&p=43916"},"modified":"2026-02-26T18:32:50","modified_gmt":"2026-02-26T17:32:50","slug":"set-imanes-lirix","status":"publish","type":"product","link":"https:\/\/imprimeideas.es\/en\/product\/set-imanes-lirix\/","title":{"rendered":"Set Imanes Lirix"},"content":{"rendered":"<p>Set de imanes fabricados en bamb\u00fa. Incluye 12 piezas pentagonales talladas en bamb\u00fa con im\u00e1n para poder fijar anotaciones, fotos, etc., en cualquier superficie met\u00e1lica. Presentados en bolsa de algod\u00f3n. Materiales como el bamb\u00fa fomentan la utilizaci\u00f3n de materias primas naturales, reduciendo las emisiones contaminantes. Proviene de una planta de gran resistencia y versatilidad, con crecimiento y regeneraci\u00f3n r\u00e1pidos, siendo una excelente alternativa al uso de madera tradicional.<\/p>","protected":false},"excerpt":{"rendered":"<p>12 Piezas. Funda Algod\u00f3n<\/p>","protected":false},"featured_media":78438,"comment_status":"open","ping_status":"open","template":"","meta":{"inline_featured_image":false},"product_brand":[],"product_cat":[122,104],"product_tag":[],"class_list":{"0":"post-43916","1":"product","2":"type-product","3":"status-publish","4":"has-post-thumbnail","6":"product_cat-articulos-sostenibles","7":"product_cat-hogar-y-decoracion","9":"first","10":"instock","11":"taxable","12":"shipping-taxable","13":"purchasable","14":"product-type-variable","15":"has-default-attributes"},"aioseo_notices":[],"_links":{"self":[{"href":"https:\/\/imprimeideas.es\/en\/wp-json\/wp\/v2\/product\/43916","targetHints":{"allow":["GET"]}}],"collection":[{"href":"https:\/\/imprimeideas.es\/en\/wp-json\/wp\/v2\/product"}],"about":[{"href":"https:\/\/imprimeideas.es\/en\/wp-json\/wp\/v2\/types\/product"}],"replies":[{"embeddable":true,"href":"https:\/\/imprimeideas.es\/en\/wp-json\/wp\/v2\/comments?post=43916"}],"version-history":[{"count":1,"href":"https:\/\/imprimeideas.es\/en\/wp-json\/wp\/v2\/product\/43916\/revisions"}],"predecessor-version":[{"id":55368,"href":"https:\/\/imprimeideas.es\/en\/wp-json\/wp\/v2\/product\/43916\/revisions\/55368"}],"wp:featuredmedia":[{"embeddable":true,"href":"https:\/\/imprimeideas.es\/en\/wp-json\/wp\/v2\/media\/78438"}],"wp:attachment":[{"href":"https:\/\/imprimeideas.es\/en\/wp-json\/wp\/v2\/media?parent=43916"}],"wp:term":[{"taxonomy":"product_brand","embeddable":true,"href":"https:\/\/imprimeideas.es\/en\/wp-json\/wp\/v2\/product_brand?post=43916"},{"taxonomy":"product_cat","embeddable":true,"href":"https:\/\/imprimeideas.es\/en\/wp-json\/wp\/v2\/product_cat?post=43916"},{"taxonomy":"product_tag","embeddable":true,"href":"https:\/\/imprimeideas.es\/en\/wp-json\/wp\/v2\/product_tag?post=43916"}],"curies":[{"name":"wp","href":"https:\/\/api.w.org\/{rel}","templated":true}]}}