{"id":43914,"date":"2026-02-24T11:32:28","date_gmt":"2026-02-24T10:32:28","guid":{"rendered":"https:\/\/imprimeideas.es\/?post_type=product&p=43914"},"modified":"2026-02-26T18:08:21","modified_gmt":"2026-02-26T17:08:21","slug":"set-tablas-sendak","status":"publish","type":"product","link":"https:\/\/imprimeideas.es\/en\/product\/set-tablas-sendak\/","title":{"rendered":"Set Tablas Sendak"},"content":{"rendered":"<p>Conjunto de tablas de corte fabricadas en bamb\u00fa, cada una f\u00e1cilmente identificable por los dibujos tallados espec\u00edficamente para pescado, carne blanca, carne roja y verduras. Incluye una cesta met\u00e1lica con gu\u00edas para un almacenamiento ordenado. Presentado en caja de dise\u00f1o kraft.Materiales como el bamb\u00fa fomentan la utilizaci\u00f3n de materias primas naturales, reduciendo las emisiones contaminantes. Proviene de una planta de gran resistencia y versatilidad, con crecimiento y regeneraci\u00f3n r\u00e1pidos, siendo una excelente alternativa al uso de madera tradicional.<\/p>","protected":false},"excerpt":{"rendered":"<p>4 Piezas<\/p>","protected":false},"featured_media":82424,"comment_status":"open","ping_status":"open","template":"","meta":{"inline_featured_image":false},"product_brand":[],"product_cat":[122,104],"product_tag":[],"class_list":{"0":"post-43914","1":"product","2":"type-product","3":"status-publish","4":"has-post-thumbnail","6":"product_cat-articulos-sostenibles","7":"product_cat-hogar-y-decoracion","9":"first","10":"instock","11":"taxable","12":"shipping-taxable","13":"purchasable","14":"product-type-variable","15":"has-default-attributes"},"aioseo_notices":[],"_links":{"self":[{"href":"https:\/\/imprimeideas.es\/en\/wp-json\/wp\/v2\/product\/43914","targetHints":{"allow":["GET"]}}],"collection":[{"href":"https:\/\/imprimeideas.es\/en\/wp-json\/wp\/v2\/product"}],"about":[{"href":"https:\/\/imprimeideas.es\/en\/wp-json\/wp\/v2\/types\/product"}],"replies":[{"embeddable":true,"href":"https:\/\/imprimeideas.es\/en\/wp-json\/wp\/v2\/comments?post=43914"}],"version-history":[{"count":1,"href":"https:\/\/imprimeideas.es\/en\/wp-json\/wp\/v2\/product\/43914\/revisions"}],"predecessor-version":[{"id":55367,"href":"https:\/\/imprimeideas.es\/en\/wp-json\/wp\/v2\/product\/43914\/revisions\/55367"}],"wp:featuredmedia":[{"embeddable":true,"href":"https:\/\/imprimeideas.es\/en\/wp-json\/wp\/v2\/media\/82424"}],"wp:attachment":[{"href":"https:\/\/imprimeideas.es\/en\/wp-json\/wp\/v2\/media?parent=43914"}],"wp:term":[{"taxonomy":"product_brand","embeddable":true,"href":"https:\/\/imprimeideas.es\/en\/wp-json\/wp\/v2\/product_brand?post=43914"},{"taxonomy":"product_cat","embeddable":true,"href":"https:\/\/imprimeideas.es\/en\/wp-json\/wp\/v2\/product_cat?post=43914"},{"taxonomy":"product_tag","embeddable":true,"href":"https:\/\/imprimeideas.es\/en\/wp-json\/wp\/v2\/product_tag?post=43914"}],"curies":[{"name":"wp","href":"https:\/\/api.w.org\/{rel}","templated":true}]}}