{"id":43905,"date":"2026-02-24T11:32:27","date_gmt":"2026-02-24T10:32:27","guid":{"rendered":"https:\/\/imprimeideas.es\/?post_type=product&p=43905"},"modified":"2026-02-26T18:23:19","modified_gmt":"2026-02-26T17:23:19","slug":"molinillo-electrico-sal-y-pimienta-cinder","status":"publish","type":"product","link":"https:\/\/imprimeideas.es\/en\/product\/molinillo-electrico-sal-y-pimienta-cinder\/","title":{"rendered":"Molinillo El\u00e9ctrico Sal y Pimienta Cinder"},"content":{"rendered":"<p>Molinillo el\u00e9ctrico para sal y pimienta en acero inox. Ideal para agregar la especia m\u00e1s deseada en compartimento de 70 ml, condimentando al pulsar el bot\u00f3n superior pudiendo ajustar el tama\u00f1o del grano. Equipado con una ventana para visualizar la cantidad de especia que queda y con luz LED. Alimentado por 4 pilas AAA (no incluidas) y presentada en caja de dise\u00f1o kraft.<\/p>","protected":false},"excerpt":{"rendered":"<p>1 Led. Molienda Regulable. 4 Pilas AAA No Incluidas<\/p>","protected":false},"featured_media":62959,"comment_status":"open","ping_status":"open","template":"","meta":{"inline_featured_image":false},"product_brand":[],"product_cat":[104],"product_tag":[],"class_list":{"0":"post-43905","1":"product","2":"type-product","3":"status-publish","4":"has-post-thumbnail","6":"product_cat-hogar-y-decoracion","8":"first","9":"instock","10":"taxable","11":"shipping-taxable","12":"purchasable","13":"product-type-variable","14":"has-default-attributes"},"aioseo_notices":[],"_links":{"self":[{"href":"https:\/\/imprimeideas.es\/en\/wp-json\/wp\/v2\/product\/43905","targetHints":{"allow":["GET"]}}],"collection":[{"href":"https:\/\/imprimeideas.es\/en\/wp-json\/wp\/v2\/product"}],"about":[{"href":"https:\/\/imprimeideas.es\/en\/wp-json\/wp\/v2\/types\/product"}],"replies":[{"embeddable":true,"href":"https:\/\/imprimeideas.es\/en\/wp-json\/wp\/v2\/comments?post=43905"}],"version-history":[{"count":1,"href":"https:\/\/imprimeideas.es\/en\/wp-json\/wp\/v2\/product\/43905\/revisions"}],"predecessor-version":[{"id":55363,"href":"https:\/\/imprimeideas.es\/en\/wp-json\/wp\/v2\/product\/43905\/revisions\/55363"}],"wp:featuredmedia":[{"embeddable":true,"href":"https:\/\/imprimeideas.es\/en\/wp-json\/wp\/v2\/media\/62959"}],"wp:attachment":[{"href":"https:\/\/imprimeideas.es\/en\/wp-json\/wp\/v2\/media?parent=43905"}],"wp:term":[{"taxonomy":"product_brand","embeddable":true,"href":"https:\/\/imprimeideas.es\/en\/wp-json\/wp\/v2\/product_brand?post=43905"},{"taxonomy":"product_cat","embeddable":true,"href":"https:\/\/imprimeideas.es\/en\/wp-json\/wp\/v2\/product_cat?post=43905"},{"taxonomy":"product_tag","embeddable":true,"href":"https:\/\/imprimeideas.es\/en\/wp-json\/wp\/v2\/product_tag?post=43905"}],"curies":[{"name":"wp","href":"https:\/\/api.w.org\/{rel}","templated":true}]}}