{"id":43903,"date":"2026-02-24T11:32:27","date_gmt":"2026-02-24T10:32:27","guid":{"rendered":"https:\/\/imprimeideas.es\/?post_type=product&p=43903"},"modified":"2026-02-26T18:19:38","modified_gmt":"2026-02-26T17:19:38","slug":"tabla-afilador-zoria","status":"publish","type":"product","link":"https:\/\/imprimeideas.es\/en\/product\/tabla-afilador-zoria\/","title":{"rendered":"Tabla Afilador Zoria"},"content":{"rendered":"<p>Tabla afilador fabricada en bamb\u00fa de suave y resistente acabado. Con pr\u00e1ctico afilador de cuchillo en el borde para obtener un corte siempre preciso y mango para un f\u00e1cil manejo. Presentada individualmente en caja de dise\u00f1o kraft. Materiales como el bamb\u00fa fomentan la utilizaci\u00f3n de materias primas naturales, reduciendo las emisiones contaminantes. Proviene de una planta de gran resistencia y versatilidad, con crecimiento y regeneraci\u00f3n r\u00e1pidos, siendo una excelente alternativa al uso de madera tradicional.<\/p>","protected":false},"excerpt":{"rendered":"<p>Tabla afilador fabricada en bamb\u00fa de suave y resistente acabado. Con pr\u00e1ctico afilador de cuchillo en el borde para obtener<\/p>","protected":false},"featured_media":44558,"comment_status":"open","ping_status":"open","template":"","meta":{"inline_featured_image":false},"product_brand":[],"product_cat":[122,104],"product_tag":[],"class_list":{"0":"post-43903","1":"product","2":"type-product","3":"status-publish","4":"has-post-thumbnail","6":"product_cat-articulos-sostenibles","7":"product_cat-hogar-y-decoracion","9":"first","10":"instock","11":"taxable","12":"shipping-taxable","13":"purchasable","14":"product-type-variable","15":"has-default-attributes"},"aioseo_notices":[],"_links":{"self":[{"href":"https:\/\/imprimeideas.es\/en\/wp-json\/wp\/v2\/product\/43903","targetHints":{"allow":["GET"]}}],"collection":[{"href":"https:\/\/imprimeideas.es\/en\/wp-json\/wp\/v2\/product"}],"about":[{"href":"https:\/\/imprimeideas.es\/en\/wp-json\/wp\/v2\/types\/product"}],"replies":[{"embeddable":true,"href":"https:\/\/imprimeideas.es\/en\/wp-json\/wp\/v2\/comments?post=43903"}],"version-history":[{"count":1,"href":"https:\/\/imprimeideas.es\/en\/wp-json\/wp\/v2\/product\/43903\/revisions"}],"predecessor-version":[{"id":55362,"href":"https:\/\/imprimeideas.es\/en\/wp-json\/wp\/v2\/product\/43903\/revisions\/55362"}],"wp:featuredmedia":[{"embeddable":true,"href":"https:\/\/imprimeideas.es\/en\/wp-json\/wp\/v2\/media\/44558"}],"wp:attachment":[{"href":"https:\/\/imprimeideas.es\/en\/wp-json\/wp\/v2\/media?parent=43903"}],"wp:term":[{"taxonomy":"product_brand","embeddable":true,"href":"https:\/\/imprimeideas.es\/en\/wp-json\/wp\/v2\/product_brand?post=43903"},{"taxonomy":"product_cat","embeddable":true,"href":"https:\/\/imprimeideas.es\/en\/wp-json\/wp\/v2\/product_cat?post=43903"},{"taxonomy":"product_tag","embeddable":true,"href":"https:\/\/imprimeideas.es\/en\/wp-json\/wp\/v2\/product_tag?post=43903"}],"curies":[{"name":"wp","href":"https:\/\/api.w.org\/{rel}","templated":true}]}}