{"id":43899,"date":"2026-02-24T11:32:26","date_gmt":"2026-02-24T10:32:26","guid":{"rendered":"https:\/\/imprimeideas.es\/?post_type=product&p=43899"},"modified":"2026-02-26T18:13:43","modified_gmt":"2026-02-26T17:13:43","slug":"tabla-bascula-mentina","status":"publish","type":"product","link":"https:\/\/imprimeideas.es\/en\/product\/tabla-bascula-mentina\/","title":{"rendered":"Tabla Basc\u00fala Mentina"},"content":{"rendered":"<p>Tabla de corte fabricada en resistente bamb\u00fa, con b\u00e1scula digital integrada. B\u00e1scula con pantalla LCD que indica el peso en kg (m\u00e1ximo 5kg) y bot\u00f3n t\u00e1ctil ON\/OFF. Con funciones de apagado autom\u00e1tico, tara y selecci\u00f3n de unidad de medida. Alimentado por 2 pilas AAA (no incluidas), con base antideslizante y troquelado para colgar. Presentada individualmente en caja de dise\u00f1o kraft. Materiales como el bamb\u00fa fomentan la utilizaci\u00f3n de materias primas naturales, reduciendo las emisiones contaminantes. Proviene de una planta de gran resistencia y versatilidad, con crecimiento y regeneraci\u00f3n r\u00e1pidos, siendo una excelente alternativa al uso de madera tradicional.<\/p>","protected":false},"excerpt":{"rendered":"<p>2 Pilas AAA No Incluidas<\/p>","protected":false},"featured_media":74992,"comment_status":"open","ping_status":"open","template":"","meta":{"inline_featured_image":false},"product_brand":[],"product_cat":[122,104],"product_tag":[],"class_list":{"0":"post-43899","1":"product","2":"type-product","3":"status-publish","4":"has-post-thumbnail","6":"product_cat-articulos-sostenibles","7":"product_cat-hogar-y-decoracion","9":"first","10":"outofstock","11":"taxable","12":"shipping-taxable","13":"purchasable","14":"product-type-variable","15":"has-default-attributes"},"aioseo_notices":[],"_links":{"self":[{"href":"https:\/\/imprimeideas.es\/en\/wp-json\/wp\/v2\/product\/43899","targetHints":{"allow":["GET"]}}],"collection":[{"href":"https:\/\/imprimeideas.es\/en\/wp-json\/wp\/v2\/product"}],"about":[{"href":"https:\/\/imprimeideas.es\/en\/wp-json\/wp\/v2\/types\/product"}],"replies":[{"embeddable":true,"href":"https:\/\/imprimeideas.es\/en\/wp-json\/wp\/v2\/comments?post=43899"}],"version-history":[{"count":1,"href":"https:\/\/imprimeideas.es\/en\/wp-json\/wp\/v2\/product\/43899\/revisions"}],"predecessor-version":[{"id":55360,"href":"https:\/\/imprimeideas.es\/en\/wp-json\/wp\/v2\/product\/43899\/revisions\/55360"}],"wp:featuredmedia":[{"embeddable":true,"href":"https:\/\/imprimeideas.es\/en\/wp-json\/wp\/v2\/media\/74992"}],"wp:attachment":[{"href":"https:\/\/imprimeideas.es\/en\/wp-json\/wp\/v2\/media?parent=43899"}],"wp:term":[{"taxonomy":"product_brand","embeddable":true,"href":"https:\/\/imprimeideas.es\/en\/wp-json\/wp\/v2\/product_brand?post=43899"},{"taxonomy":"product_cat","embeddable":true,"href":"https:\/\/imprimeideas.es\/en\/wp-json\/wp\/v2\/product_cat?post=43899"},{"taxonomy":"product_tag","embeddable":true,"href":"https:\/\/imprimeideas.es\/en\/wp-json\/wp\/v2\/product_tag?post=43899"}],"curies":[{"name":"wp","href":"https:\/\/api.w.org\/{rel}","templated":true}]}}