{"id":43897,"date":"2026-02-24T11:32:26","date_gmt":"2026-02-24T10:32:26","guid":{"rendered":"https:\/\/imprimeideas.es\/?post_type=product&p=43897"},"modified":"2026-02-26T18:08:18","modified_gmt":"2026-02-26T17:08:18","slug":"panera-zolar","status":"publish","type":"product","link":"https:\/\/imprimeideas.es\/en\/product\/panera-zolar\/","title":{"rendered":"Panera Zolar"},"content":{"rendered":"<p>Panera elaborada con suave algod\u00f3n 100% y corcho en la base, con un dise\u00f1o redondo. Presentada en bolsa individual reciclada.Elaborado con elementos vegetales para as\u00ed fomentar la utilizaci\u00f3n de materias primas naturales y reducir las emisiones contaminantes.<\/p>","protected":false},"excerpt":{"rendered":"<p>Panera elaborada con suave algod\u00f3n 100% y corcho en la base, con un dise\u00f1o redondo. Presentada en bolsa individual reciclada.Elaborado<\/p>","protected":false},"featured_media":66344,"comment_status":"open","ping_status":"open","template":"","meta":{"inline_featured_image":false},"product_brand":[],"product_cat":[122,104,105],"product_tag":[],"class_list":{"0":"post-43897","1":"product","2":"type-product","3":"status-publish","4":"has-post-thumbnail","6":"product_cat-articulos-sostenibles","7":"product_cat-hogar-y-decoracion","8":"product_cat-vino-accesorios-de-bebida-y-hosteleria","10":"first","11":"outofstock","12":"taxable","13":"shipping-taxable","14":"purchasable","15":"product-type-variable","16":"has-default-attributes"},"aioseo_notices":[],"_links":{"self":[{"href":"https:\/\/imprimeideas.es\/en\/wp-json\/wp\/v2\/product\/43897","targetHints":{"allow":["GET"]}}],"collection":[{"href":"https:\/\/imprimeideas.es\/en\/wp-json\/wp\/v2\/product"}],"about":[{"href":"https:\/\/imprimeideas.es\/en\/wp-json\/wp\/v2\/types\/product"}],"replies":[{"embeddable":true,"href":"https:\/\/imprimeideas.es\/en\/wp-json\/wp\/v2\/comments?post=43897"}],"version-history":[{"count":1,"href":"https:\/\/imprimeideas.es\/en\/wp-json\/wp\/v2\/product\/43897\/revisions"}],"predecessor-version":[{"id":55359,"href":"https:\/\/imprimeideas.es\/en\/wp-json\/wp\/v2\/product\/43897\/revisions\/55359"}],"wp:featuredmedia":[{"embeddable":true,"href":"https:\/\/imprimeideas.es\/en\/wp-json\/wp\/v2\/media\/66344"}],"wp:attachment":[{"href":"https:\/\/imprimeideas.es\/en\/wp-json\/wp\/v2\/media?parent=43897"}],"wp:term":[{"taxonomy":"product_brand","embeddable":true,"href":"https:\/\/imprimeideas.es\/en\/wp-json\/wp\/v2\/product_brand?post=43897"},{"taxonomy":"product_cat","embeddable":true,"href":"https:\/\/imprimeideas.es\/en\/wp-json\/wp\/v2\/product_cat?post=43897"},{"taxonomy":"product_tag","embeddable":true,"href":"https:\/\/imprimeideas.es\/en\/wp-json\/wp\/v2\/product_tag?post=43897"}],"curies":[{"name":"wp","href":"https:\/\/api.w.org\/{rel}","templated":true}]}}