{"id":43877,"date":"2026-02-24T11:32:24","date_gmt":"2026-02-24T10:32:24","guid":{"rendered":"https:\/\/imprimeideas.es\/?post_type=product&p=43877"},"modified":"2026-02-26T18:28:05","modified_gmt":"2026-02-26T17:28:05","slug":"fondue-helvet","status":"publish","type":"product","link":"https:\/\/imprimeideas.es\/en\/product\/fondue-helvet\/","title":{"rendered":"Fondue Helvet"},"content":{"rendered":"<p>Fabulosa fondue fabricada en cer\u00e1mica y metal. Incluye cuenco de cer\u00e1mica, una base de metal y dos tenedores met\u00e1licos. Permite mantener la comida caliente o preparar platos exquisitos en cualquier lugar al colocar una vela en la base para calentar el cuenco. Presentada en caja individual.<\/p>","protected":false},"excerpt":{"rendered":"<p>2 Servicios<\/p>","protected":false},"featured_media":67089,"comment_status":"open","ping_status":"open","template":"","meta":{"inline_featured_image":false},"product_brand":[],"product_cat":[104],"product_tag":[],"class_list":{"0":"post-43877","1":"product","2":"type-product","3":"status-publish","4":"has-post-thumbnail","6":"product_cat-hogar-y-decoracion","8":"first","9":"instock","10":"taxable","11":"shipping-taxable","12":"purchasable","13":"product-type-variable","14":"has-default-attributes"},"aioseo_notices":[],"_links":{"self":[{"href":"https:\/\/imprimeideas.es\/en\/wp-json\/wp\/v2\/product\/43877","targetHints":{"allow":["GET"]}}],"collection":[{"href":"https:\/\/imprimeideas.es\/en\/wp-json\/wp\/v2\/product"}],"about":[{"href":"https:\/\/imprimeideas.es\/en\/wp-json\/wp\/v2\/types\/product"}],"replies":[{"embeddable":true,"href":"https:\/\/imprimeideas.es\/en\/wp-json\/wp\/v2\/comments?post=43877"}],"version-history":[{"count":1,"href":"https:\/\/imprimeideas.es\/en\/wp-json\/wp\/v2\/product\/43877\/revisions"}],"predecessor-version":[{"id":55350,"href":"https:\/\/imprimeideas.es\/en\/wp-json\/wp\/v2\/product\/43877\/revisions\/55350"}],"wp:featuredmedia":[{"embeddable":true,"href":"https:\/\/imprimeideas.es\/en\/wp-json\/wp\/v2\/media\/67089"}],"wp:attachment":[{"href":"https:\/\/imprimeideas.es\/en\/wp-json\/wp\/v2\/media?parent=43877"}],"wp:term":[{"taxonomy":"product_brand","embeddable":true,"href":"https:\/\/imprimeideas.es\/en\/wp-json\/wp\/v2\/product_brand?post=43877"},{"taxonomy":"product_cat","embeddable":true,"href":"https:\/\/imprimeideas.es\/en\/wp-json\/wp\/v2\/product_cat?post=43877"},{"taxonomy":"product_tag","embeddable":true,"href":"https:\/\/imprimeideas.es\/en\/wp-json\/wp\/v2\/product_tag?post=43877"}],"curies":[{"name":"wp","href":"https:\/\/api.w.org\/{rel}","templated":true}]}}