{"id":43875,"date":"2026-02-24T11:32:24","date_gmt":"2026-02-24T10:32:24","guid":{"rendered":"https:\/\/imprimeideas.es\/?post_type=product&p=43875"},"modified":"2026-02-26T18:32:48","modified_gmt":"2026-02-26T17:32:48","slug":"abridor-morley","status":"publish","type":"product","link":"https:\/\/imprimeideas.es\/en\/product\/abridor-morley\/","title":{"rendered":"Abridor Morley"},"content":{"rendered":"<p>Abridor de botellas fabricado en corcho, adoptando la forma de un botell\u00edn. Su dise\u00f1o incluye un cord\u00f3n pr\u00e1ctico que facilita su transporte y la opci\u00f3n de colgarlo c\u00f3modamente. Presentado individualmente en bolsa de papel reciclado.Elaborado con elementos vegetales para as\u00ed fomentar la utilizaci\u00f3n de materias primas naturales y reducir las emisiones contaminantes.<\/p>","protected":false},"excerpt":{"rendered":"<p>Abridor de botellas fabricado en corcho, adoptando la forma de un botell\u00edn. Su dise\u00f1o incluye un cord\u00f3n pr\u00e1ctico que facilita<\/p>","protected":false},"featured_media":44547,"comment_status":"open","ping_status":"open","template":"","meta":{"inline_featured_image":false},"product_brand":[],"product_cat":[122,105],"product_tag":[],"class_list":{"0":"post-43875","1":"product","2":"type-product","3":"status-publish","4":"has-post-thumbnail","6":"product_cat-articulos-sostenibles","7":"product_cat-vino-accesorios-de-bebida-y-hosteleria","9":"first","10":"outofstock","11":"taxable","12":"shipping-taxable","13":"purchasable","14":"product-type-variable","15":"has-default-attributes"},"aioseo_notices":[],"_links":{"self":[{"href":"https:\/\/imprimeideas.es\/en\/wp-json\/wp\/v2\/product\/43875","targetHints":{"allow":["GET"]}}],"collection":[{"href":"https:\/\/imprimeideas.es\/en\/wp-json\/wp\/v2\/product"}],"about":[{"href":"https:\/\/imprimeideas.es\/en\/wp-json\/wp\/v2\/types\/product"}],"replies":[{"embeddable":true,"href":"https:\/\/imprimeideas.es\/en\/wp-json\/wp\/v2\/comments?post=43875"}],"version-history":[{"count":1,"href":"https:\/\/imprimeideas.es\/en\/wp-json\/wp\/v2\/product\/43875\/revisions"}],"predecessor-version":[{"id":55349,"href":"https:\/\/imprimeideas.es\/en\/wp-json\/wp\/v2\/product\/43875\/revisions\/55349"}],"wp:featuredmedia":[{"embeddable":true,"href":"https:\/\/imprimeideas.es\/en\/wp-json\/wp\/v2\/media\/44547"}],"wp:attachment":[{"href":"https:\/\/imprimeideas.es\/en\/wp-json\/wp\/v2\/media?parent=43875"}],"wp:term":[{"taxonomy":"product_brand","embeddable":true,"href":"https:\/\/imprimeideas.es\/en\/wp-json\/wp\/v2\/product_brand?post=43875"},{"taxonomy":"product_cat","embeddable":true,"href":"https:\/\/imprimeideas.es\/en\/wp-json\/wp\/v2\/product_cat?post=43875"},{"taxonomy":"product_tag","embeddable":true,"href":"https:\/\/imprimeideas.es\/en\/wp-json\/wp\/v2\/product_tag?post=43875"}],"curies":[{"name":"wp","href":"https:\/\/api.w.org\/{rel}","templated":true}]}}