{"id":43869,"date":"2026-02-24T11:32:23","date_gmt":"2026-02-24T10:32:23","guid":{"rendered":"https:\/\/imprimeideas.es\/?post_type=product&p=43869"},"modified":"2026-02-26T18:19:21","modified_gmt":"2026-02-26T17:19:21","slug":"tabla-myoria","status":"publish","type":"product","link":"https:\/\/imprimeideas.es\/en\/product\/tabla-myoria\/","title":{"rendered":"Tabla Myoria"},"content":{"rendered":"<p>Tabla de cocina fabricada en bamb\u00fa, acompa\u00f1ada de un cuchillo. Su cara lisa permite diversas aplicaciones, mientras que la otra presenta surcos grabados en la madera, ideal para cortar pan o alimentos jugosos. Incluye un compartimento con un cuchillo de sierra de hoja de acero y mango en bamb\u00fa. Materiales como el bamb\u00fa fomentan la utilizaci\u00f3n de materias primas naturales, reduciendo las emisiones contaminantes. Proviene de una planta de gran resistencia y versatilidad, con crecimiento y regeneraci\u00f3n r\u00e1pidos, siendo una excelente alternativa al uso de madera tradicional.<\/p>","protected":false},"excerpt":{"rendered":"<p>Cuchillo Acero Inox\/ Bamb\u00fa Incluido<\/p>","protected":false},"featured_media":77661,"comment_status":"open","ping_status":"open","template":"","meta":{"inline_featured_image":false},"product_brand":[],"product_cat":[122,104],"product_tag":[],"class_list":{"0":"post-43869","1":"product","2":"type-product","3":"status-publish","4":"has-post-thumbnail","6":"product_cat-articulos-sostenibles","7":"product_cat-hogar-y-decoracion","9":"first","10":"instock","11":"taxable","12":"shipping-taxable","13":"purchasable","14":"product-type-variable","15":"has-default-attributes"},"aioseo_notices":[],"_links":{"self":[{"href":"https:\/\/imprimeideas.es\/en\/wp-json\/wp\/v2\/product\/43869","targetHints":{"allow":["GET"]}}],"collection":[{"href":"https:\/\/imprimeideas.es\/en\/wp-json\/wp\/v2\/product"}],"about":[{"href":"https:\/\/imprimeideas.es\/en\/wp-json\/wp\/v2\/types\/product"}],"replies":[{"embeddable":true,"href":"https:\/\/imprimeideas.es\/en\/wp-json\/wp\/v2\/comments?post=43869"}],"version-history":[{"count":1,"href":"https:\/\/imprimeideas.es\/en\/wp-json\/wp\/v2\/product\/43869\/revisions"}],"predecessor-version":[{"id":55346,"href":"https:\/\/imprimeideas.es\/en\/wp-json\/wp\/v2\/product\/43869\/revisions\/55346"}],"wp:featuredmedia":[{"embeddable":true,"href":"https:\/\/imprimeideas.es\/en\/wp-json\/wp\/v2\/media\/77661"}],"wp:attachment":[{"href":"https:\/\/imprimeideas.es\/en\/wp-json\/wp\/v2\/media?parent=43869"}],"wp:term":[{"taxonomy":"product_brand","embeddable":true,"href":"https:\/\/imprimeideas.es\/en\/wp-json\/wp\/v2\/product_brand?post=43869"},{"taxonomy":"product_cat","embeddable":true,"href":"https:\/\/imprimeideas.es\/en\/wp-json\/wp\/v2\/product_cat?post=43869"},{"taxonomy":"product_tag","embeddable":true,"href":"https:\/\/imprimeideas.es\/en\/wp-json\/wp\/v2\/product_tag?post=43869"}],"curies":[{"name":"wp","href":"https:\/\/api.w.org\/{rel}","templated":true}]}}