{"id":43859,"date":"2026-02-24T11:32:22","date_gmt":"2026-02-24T10:32:22","guid":{"rendered":"https:\/\/imprimeideas.es\/?post_type=product&p=43859"},"modified":"2026-02-26T18:28:04","modified_gmt":"2026-02-26T17:28:04","slug":"balsamo-labial-vegano-posie","status":"publish","type":"product","link":"https:\/\/imprimeideas.es\/en\/product\/balsamo-labial-vegano-posie\/","title":{"rendered":"B\u00e1lsamo Labial Vegano Posie"},"content":{"rendered":"<p>B\u00e1lsamo labial vegano dermatol\u00f3gicamente testado. Una alternativa 100% natural y de origen vegetal. Con aroma vainilla y protecci\u00f3n SPF15. C\u00f3moda barra labial disponible en varios colores pastel y presentada en bolsa individual reciclada.<\/p>","protected":false},"excerpt":{"rendered":"<p>SPF15. Aroma Vainilla<\/p>","protected":false},"featured_media":81602,"comment_status":"open","ping_status":"open","template":"","meta":{"inline_featured_image":false},"product_brand":[],"product_cat":[107],"product_tag":[],"class_list":{"0":"post-43859","1":"product","2":"type-product","3":"status-publish","4":"has-post-thumbnail","6":"product_cat-cuidado-personal-y-pharma","8":"first","9":"instock","10":"taxable","11":"shipping-taxable","12":"purchasable","13":"product-type-variable","14":"has-default-attributes"},"aioseo_notices":[],"_links":{"self":[{"href":"https:\/\/imprimeideas.es\/en\/wp-json\/wp\/v2\/product\/43859","targetHints":{"allow":["GET"]}}],"collection":[{"href":"https:\/\/imprimeideas.es\/en\/wp-json\/wp\/v2\/product"}],"about":[{"href":"https:\/\/imprimeideas.es\/en\/wp-json\/wp\/v2\/types\/product"}],"replies":[{"embeddable":true,"href":"https:\/\/imprimeideas.es\/en\/wp-json\/wp\/v2\/comments?post=43859"}],"version-history":[{"count":1,"href":"https:\/\/imprimeideas.es\/en\/wp-json\/wp\/v2\/product\/43859\/revisions"}],"predecessor-version":[{"id":55343,"href":"https:\/\/imprimeideas.es\/en\/wp-json\/wp\/v2\/product\/43859\/revisions\/55343"}],"wp:featuredmedia":[{"embeddable":true,"href":"https:\/\/imprimeideas.es\/en\/wp-json\/wp\/v2\/media\/81602"}],"wp:attachment":[{"href":"https:\/\/imprimeideas.es\/en\/wp-json\/wp\/v2\/media?parent=43859"}],"wp:term":[{"taxonomy":"product_brand","embeddable":true,"href":"https:\/\/imprimeideas.es\/en\/wp-json\/wp\/v2\/product_brand?post=43859"},{"taxonomy":"product_cat","embeddable":true,"href":"https:\/\/imprimeideas.es\/en\/wp-json\/wp\/v2\/product_cat?post=43859"},{"taxonomy":"product_tag","embeddable":true,"href":"https:\/\/imprimeideas.es\/en\/wp-json\/wp\/v2\/product_tag?post=43859"}],"curies":[{"name":"wp","href":"https:\/\/api.w.org\/{rel}","templated":true}]}}