{"id":43843,"date":"2026-02-24T11:32:20","date_gmt":"2026-02-24T10:32:20","guid":{"rendered":"https:\/\/imprimeideas.es\/?post_type=product&p=43843"},"modified":"2026-02-26T18:19:12","modified_gmt":"2026-02-26T17:19:12","slug":"set-canen","status":"publish","type":"product","link":"https:\/\/imprimeideas.es\/en\/product\/set-canen\/","title":{"rendered":"Set Canen"},"content":{"rendered":"<p>Set de b\u00e1lsamo labial y protector solar. Pr\u00e1ctico complemento con doble funci\u00f3n y c\u00f3modo de transportar por su tama\u00f1o. Un extremo con b\u00e1lsamo labial SPF15 y el otro extremo con protector solar SPF30 de agradable aroma a vainilla. Dermatol\u00f3gicamente testado y disponible en variada gama de colores. Presentado individualmente en una bolsa reciclada.<\/p>","protected":false},"excerpt":{"rendered":"<p>Protecci\u00f3n Solar SPF30. B\u00e1lsamo Labial SPF15. Aroma Vainilla<\/p>","protected":false},"featured_media":69097,"comment_status":"open","ping_status":"open","template":"","meta":{"inline_featured_image":false},"product_brand":[],"product_cat":[107,114],"product_tag":[],"class_list":{"0":"post-43843","1":"product","2":"type-product","3":"status-publish","4":"has-post-thumbnail","6":"product_cat-cuidado-personal-y-pharma","7":"product_cat-verano-y-playa","9":"first","10":"instock","11":"taxable","12":"shipping-taxable","13":"purchasable","14":"product-type-variable","15":"has-default-attributes"},"aioseo_notices":[],"_links":{"self":[{"href":"https:\/\/imprimeideas.es\/en\/wp-json\/wp\/v2\/product\/43843","targetHints":{"allow":["GET"]}}],"collection":[{"href":"https:\/\/imprimeideas.es\/en\/wp-json\/wp\/v2\/product"}],"about":[{"href":"https:\/\/imprimeideas.es\/en\/wp-json\/wp\/v2\/types\/product"}],"replies":[{"embeddable":true,"href":"https:\/\/imprimeideas.es\/en\/wp-json\/wp\/v2\/comments?post=43843"}],"version-history":[{"count":1,"href":"https:\/\/imprimeideas.es\/en\/wp-json\/wp\/v2\/product\/43843\/revisions"}],"predecessor-version":[{"id":55340,"href":"https:\/\/imprimeideas.es\/en\/wp-json\/wp\/v2\/product\/43843\/revisions\/55340"}],"wp:featuredmedia":[{"embeddable":true,"href":"https:\/\/imprimeideas.es\/en\/wp-json\/wp\/v2\/media\/69097"}],"wp:attachment":[{"href":"https:\/\/imprimeideas.es\/en\/wp-json\/wp\/v2\/media?parent=43843"}],"wp:term":[{"taxonomy":"product_brand","embeddable":true,"href":"https:\/\/imprimeideas.es\/en\/wp-json\/wp\/v2\/product_brand?post=43843"},{"taxonomy":"product_cat","embeddable":true,"href":"https:\/\/imprimeideas.es\/en\/wp-json\/wp\/v2\/product_cat?post=43843"},{"taxonomy":"product_tag","embeddable":true,"href":"https:\/\/imprimeideas.es\/en\/wp-json\/wp\/v2\/product_tag?post=43843"}],"curies":[{"name":"wp","href":"https:\/\/api.w.org\/{rel}","templated":true}]}}