{"id":43841,"date":"2026-02-24T11:32:20","date_gmt":"2026-02-24T10:32:20","guid":{"rendered":"https:\/\/imprimeideas.es\/?post_type=product&p=43841"},"modified":"2026-02-26T18:37:38","modified_gmt":"2026-02-26T17:37:38","slug":"set-vitok","status":"publish","type":"product","link":"https:\/\/imprimeideas.es\/en\/product\/set-vitok\/","title":{"rendered":"Set Vitok"},"content":{"rendered":"<p>Set de tapones para o\u00eddo y tiras nasales adhesivas. Pr\u00e1ctico kit de descanso provisto de un par de tapones para o\u00eddos reutilizables hechos en suave silicona y 5 tiras nasales autoadhesivas, para un alivio inmediato. Presentado en una caja de pl\u00e1stico transparente.<\/p>","protected":false},"excerpt":{"rendered":"<p>Tapones Oido y 5 Tiras Nasales Adhesivas<\/p>","protected":false},"featured_media":82659,"comment_status":"open","ping_status":"open","template":"","meta":{"inline_featured_image":false},"product_brand":[],"product_cat":[107],"product_tag":[],"class_list":{"0":"post-43841","1":"product","2":"type-product","3":"status-publish","4":"has-post-thumbnail","6":"product_cat-cuidado-personal-y-pharma","8":"first","9":"instock","10":"taxable","11":"shipping-taxable","12":"purchasable","13":"product-type-variable","14":"has-default-attributes"},"aioseo_notices":[],"_links":{"self":[{"href":"https:\/\/imprimeideas.es\/en\/wp-json\/wp\/v2\/product\/43841","targetHints":{"allow":["GET"]}}],"collection":[{"href":"https:\/\/imprimeideas.es\/en\/wp-json\/wp\/v2\/product"}],"about":[{"href":"https:\/\/imprimeideas.es\/en\/wp-json\/wp\/v2\/types\/product"}],"replies":[{"embeddable":true,"href":"https:\/\/imprimeideas.es\/en\/wp-json\/wp\/v2\/comments?post=43841"}],"version-history":[{"count":1,"href":"https:\/\/imprimeideas.es\/en\/wp-json\/wp\/v2\/product\/43841\/revisions"}],"predecessor-version":[{"id":55339,"href":"https:\/\/imprimeideas.es\/en\/wp-json\/wp\/v2\/product\/43841\/revisions\/55339"}],"wp:featuredmedia":[{"embeddable":true,"href":"https:\/\/imprimeideas.es\/en\/wp-json\/wp\/v2\/media\/82659"}],"wp:attachment":[{"href":"https:\/\/imprimeideas.es\/en\/wp-json\/wp\/v2\/media?parent=43841"}],"wp:term":[{"taxonomy":"product_brand","embeddable":true,"href":"https:\/\/imprimeideas.es\/en\/wp-json\/wp\/v2\/product_brand?post=43841"},{"taxonomy":"product_cat","embeddable":true,"href":"https:\/\/imprimeideas.es\/en\/wp-json\/wp\/v2\/product_cat?post=43841"},{"taxonomy":"product_tag","embeddable":true,"href":"https:\/\/imprimeideas.es\/en\/wp-json\/wp\/v2\/product_tag?post=43841"}],"curies":[{"name":"wp","href":"https:\/\/api.w.org\/{rel}","templated":true}]}}