{"id":43832,"date":"2026-02-24T11:32:19","date_gmt":"2026-02-24T10:32:19","guid":{"rendered":"https:\/\/imprimeideas.es\/?post_type=product&p=43832"},"modified":"2026-02-26T18:08:20","modified_gmt":"2026-02-26T17:08:20","slug":"masajeador-echem","status":"publish","type":"product","link":"https:\/\/imprimeideas.es\/en\/product\/masajeador-echem\/","title":{"rendered":"Masajeador Echem"},"content":{"rendered":"<p>Masajeador elaborado en madera natural. Dise\u00f1ado para proporcionar alivio y bienestar. Su empu\u00f1adura ergon\u00f3mica garantiza un manejo c\u00f3modo, mientras que sus tres rodillos de madera ofrecen eficiencia y un masaje revitalizante, liberando la tensi\u00f3n muscular. Presentado individualmente en caja de dise\u00f1o kraft.<\/p>","protected":false},"excerpt":{"rendered":"<p>Masajeador elaborado en madera natural. Dise\u00f1ado para proporcionar alivio y bienestar. Su empu\u00f1adura ergon\u00f3mica garantiza un manejo c\u00f3modo, mientras que<\/p>","protected":false},"featured_media":81880,"comment_status":"open","ping_status":"open","template":"","meta":{"inline_featured_image":false},"product_brand":[],"product_cat":[122,107,106],"product_tag":[],"class_list":{"0":"post-43832","1":"product","2":"type-product","3":"status-publish","4":"has-post-thumbnail","6":"product_cat-articulos-sostenibles","7":"product_cat-cuidado-personal-y-pharma","8":"product_cat-regalos-y-premiums","10":"first","11":"instock","12":"taxable","13":"shipping-taxable","14":"purchasable","15":"product-type-variable","16":"has-default-attributes"},"aioseo_notices":[],"_links":{"self":[{"href":"https:\/\/imprimeideas.es\/en\/wp-json\/wp\/v2\/product\/43832","targetHints":{"allow":["GET"]}}],"collection":[{"href":"https:\/\/imprimeideas.es\/en\/wp-json\/wp\/v2\/product"}],"about":[{"href":"https:\/\/imprimeideas.es\/en\/wp-json\/wp\/v2\/types\/product"}],"replies":[{"embeddable":true,"href":"https:\/\/imprimeideas.es\/en\/wp-json\/wp\/v2\/comments?post=43832"}],"version-history":[{"count":1,"href":"https:\/\/imprimeideas.es\/en\/wp-json\/wp\/v2\/product\/43832\/revisions"}],"predecessor-version":[{"id":55335,"href":"https:\/\/imprimeideas.es\/en\/wp-json\/wp\/v2\/product\/43832\/revisions\/55335"}],"wp:featuredmedia":[{"embeddable":true,"href":"https:\/\/imprimeideas.es\/en\/wp-json\/wp\/v2\/media\/81880"}],"wp:attachment":[{"href":"https:\/\/imprimeideas.es\/en\/wp-json\/wp\/v2\/media?parent=43832"}],"wp:term":[{"taxonomy":"product_brand","embeddable":true,"href":"https:\/\/imprimeideas.es\/en\/wp-json\/wp\/v2\/product_brand?post=43832"},{"taxonomy":"product_cat","embeddable":true,"href":"https:\/\/imprimeideas.es\/en\/wp-json\/wp\/v2\/product_cat?post=43832"},{"taxonomy":"product_tag","embeddable":true,"href":"https:\/\/imprimeideas.es\/en\/wp-json\/wp\/v2\/product_tag?post=43832"}],"curies":[{"name":"wp","href":"https:\/\/api.w.org\/{rel}","templated":true}]}}