{"id":43828,"date":"2026-02-24T11:32:19","date_gmt":"2026-02-24T10:32:19","guid":{"rendered":"https:\/\/imprimeideas.es\/?post_type=product&p=43828"},"modified":"2026-02-26T18:19:24","modified_gmt":"2026-02-26T17:19:24","slug":"emulsionador-nocote","status":"publish","type":"product","link":"https:\/\/imprimeideas.es\/en\/product\/emulsionador-nocote\/","title":{"rendered":"Emulsionador Nocote"},"content":{"rendered":"<p>Cepillo masajeador para cuero cabelludo fabricado en ca\u00f1a de trigo. Eficiente emulsionador de champ\u00fa para masajear placenteramente el cabello estimulando los capilares optimizando la limpieza con sus suaves p\u00faas en suave silicona. Presentado en caja individual de dise\u00f1o kraft.La ca\u00f1a de trigo fomenta la utilizaci\u00f3n de materias primas naturales, reduciendo as\u00ed las emisiones contaminantes.<\/p>","protected":false},"excerpt":{"rendered":"<p>Cepillo masajeador para cuero cabelludo fabricado en ca\u00f1a de trigo. Eficiente emulsionador de champ\u00fa para masajear placenteramente el cabello estimulando<\/p>","protected":false},"featured_media":71077,"comment_status":"open","ping_status":"open","template":"","meta":{"inline_featured_image":false},"product_brand":[],"product_cat":[122,107],"product_tag":[],"class_list":{"0":"post-43828","1":"product","2":"type-product","3":"status-publish","4":"has-post-thumbnail","6":"product_cat-articulos-sostenibles","7":"product_cat-cuidado-personal-y-pharma","9":"first","10":"instock","11":"taxable","12":"shipping-taxable","13":"purchasable","14":"product-type-variable","15":"has-default-attributes"},"aioseo_notices":[],"_links":{"self":[{"href":"https:\/\/imprimeideas.es\/en\/wp-json\/wp\/v2\/product\/43828","targetHints":{"allow":["GET"]}}],"collection":[{"href":"https:\/\/imprimeideas.es\/en\/wp-json\/wp\/v2\/product"}],"about":[{"href":"https:\/\/imprimeideas.es\/en\/wp-json\/wp\/v2\/types\/product"}],"replies":[{"embeddable":true,"href":"https:\/\/imprimeideas.es\/en\/wp-json\/wp\/v2\/comments?post=43828"}],"version-history":[{"count":1,"href":"https:\/\/imprimeideas.es\/en\/wp-json\/wp\/v2\/product\/43828\/revisions"}],"predecessor-version":[{"id":55333,"href":"https:\/\/imprimeideas.es\/en\/wp-json\/wp\/v2\/product\/43828\/revisions\/55333"}],"wp:featuredmedia":[{"embeddable":true,"href":"https:\/\/imprimeideas.es\/en\/wp-json\/wp\/v2\/media\/71077"}],"wp:attachment":[{"href":"https:\/\/imprimeideas.es\/en\/wp-json\/wp\/v2\/media?parent=43828"}],"wp:term":[{"taxonomy":"product_brand","embeddable":true,"href":"https:\/\/imprimeideas.es\/en\/wp-json\/wp\/v2\/product_brand?post=43828"},{"taxonomy":"product_cat","embeddable":true,"href":"https:\/\/imprimeideas.es\/en\/wp-json\/wp\/v2\/product_cat?post=43828"},{"taxonomy":"product_tag","embeddable":true,"href":"https:\/\/imprimeideas.es\/en\/wp-json\/wp\/v2\/product_tag?post=43828"}],"curies":[{"name":"wp","href":"https:\/\/api.w.org\/{rel}","templated":true}]}}