{"id":43819,"date":"2026-02-24T11:32:18","date_gmt":"2026-02-24T10:32:18","guid":{"rendered":"https:\/\/imprimeideas.es\/?post_type=product&p=43819"},"modified":"2026-02-26T18:32:52","modified_gmt":"2026-02-26T17:32:52","slug":"peine-horpok","status":"publish","type":"product","link":"https:\/\/imprimeideas.es\/en\/product\/peine-horpok\/","title":{"rendered":"Peine Horpok"},"content":{"rendered":"<p>Peine fabricado en bamb\u00fa. \u00datil cepillo plano para pelo, elaborado en pulido bamb\u00fa con cerdas iguales y c\u00f3modo de transportar. Presentado individualmente en una bolsa de papel reciclada.<\/p>","protected":false},"excerpt":{"rendered":"<p>Peine fabricado en bamb\u00fa. \u00datil cepillo plano para pelo, elaborado en pulido bamb\u00fa con cerdas iguales y c\u00f3modo de transportar.<\/p>","protected":false},"featured_media":82760,"comment_status":"open","ping_status":"open","template":"","meta":{"inline_featured_image":false},"product_brand":[],"product_cat":[122,107],"product_tag":[],"class_list":{"0":"post-43819","1":"product","2":"type-product","3":"status-publish","4":"has-post-thumbnail","6":"product_cat-articulos-sostenibles","7":"product_cat-cuidado-personal-y-pharma","9":"first","10":"instock","11":"taxable","12":"shipping-taxable","13":"purchasable","14":"product-type-variable","15":"has-default-attributes"},"aioseo_notices":[],"_links":{"self":[{"href":"https:\/\/imprimeideas.es\/en\/wp-json\/wp\/v2\/product\/43819","targetHints":{"allow":["GET"]}}],"collection":[{"href":"https:\/\/imprimeideas.es\/en\/wp-json\/wp\/v2\/product"}],"about":[{"href":"https:\/\/imprimeideas.es\/en\/wp-json\/wp\/v2\/types\/product"}],"replies":[{"embeddable":true,"href":"https:\/\/imprimeideas.es\/en\/wp-json\/wp\/v2\/comments?post=43819"}],"version-history":[{"count":1,"href":"https:\/\/imprimeideas.es\/en\/wp-json\/wp\/v2\/product\/43819\/revisions"}],"predecessor-version":[{"id":55329,"href":"https:\/\/imprimeideas.es\/en\/wp-json\/wp\/v2\/product\/43819\/revisions\/55329"}],"wp:featuredmedia":[{"embeddable":true,"href":"https:\/\/imprimeideas.es\/en\/wp-json\/wp\/v2\/media\/82760"}],"wp:attachment":[{"href":"https:\/\/imprimeideas.es\/en\/wp-json\/wp\/v2\/media?parent=43819"}],"wp:term":[{"taxonomy":"product_brand","embeddable":true,"href":"https:\/\/imprimeideas.es\/en\/wp-json\/wp\/v2\/product_brand?post=43819"},{"taxonomy":"product_cat","embeddable":true,"href":"https:\/\/imprimeideas.es\/en\/wp-json\/wp\/v2\/product_cat?post=43819"},{"taxonomy":"product_tag","embeddable":true,"href":"https:\/\/imprimeideas.es\/en\/wp-json\/wp\/v2\/product_tag?post=43819"}],"curies":[{"name":"wp","href":"https:\/\/api.w.org\/{rel}","templated":true}]}}