{"id":43817,"date":"2026-02-24T11:32:18","date_gmt":"2026-02-24T10:32:18","guid":{"rendered":"https:\/\/imprimeideas.es\/?post_type=product&p=43817"},"modified":"2026-02-26T18:13:40","modified_gmt":"2026-02-26T17:13:40","slug":"espejo-segenen","status":"publish","type":"product","link":"https:\/\/imprimeideas.es\/en\/product\/espejo-segenen\/","title":{"rendered":"Espejo Segenen"},"content":{"rendered":"<p>Espejo 1X fabricado en corcho. Pr\u00e1ctico espejo port\u00e1til recubierto de suave corcho y presentado en una caja individual dise\u00f1o kraft.<\/p>","protected":false},"excerpt":{"rendered":"<p>Espejo 1X fabricado en corcho. Pr\u00e1ctico espejo port\u00e1til recubierto de suave corcho y presentado en una caja individual dise\u00f1o kraft.<\/p>","protected":false},"featured_media":79589,"comment_status":"open","ping_status":"open","template":"","meta":{"inline_featured_image":false},"product_brand":[],"product_cat":[122,107],"product_tag":[],"class_list":{"0":"post-43817","1":"product","2":"type-product","3":"status-publish","4":"has-post-thumbnail","6":"product_cat-articulos-sostenibles","7":"product_cat-cuidado-personal-y-pharma","9":"first","10":"instock","11":"taxable","12":"shipping-taxable","13":"purchasable","14":"product-type-variable","15":"has-default-attributes"},"aioseo_notices":[],"_links":{"self":[{"href":"https:\/\/imprimeideas.es\/en\/wp-json\/wp\/v2\/product\/43817","targetHints":{"allow":["GET"]}}],"collection":[{"href":"https:\/\/imprimeideas.es\/en\/wp-json\/wp\/v2\/product"}],"about":[{"href":"https:\/\/imprimeideas.es\/en\/wp-json\/wp\/v2\/types\/product"}],"replies":[{"embeddable":true,"href":"https:\/\/imprimeideas.es\/en\/wp-json\/wp\/v2\/comments?post=43817"}],"version-history":[{"count":1,"href":"https:\/\/imprimeideas.es\/en\/wp-json\/wp\/v2\/product\/43817\/revisions"}],"predecessor-version":[{"id":55328,"href":"https:\/\/imprimeideas.es\/en\/wp-json\/wp\/v2\/product\/43817\/revisions\/55328"}],"wp:featuredmedia":[{"embeddable":true,"href":"https:\/\/imprimeideas.es\/en\/wp-json\/wp\/v2\/media\/79589"}],"wp:attachment":[{"href":"https:\/\/imprimeideas.es\/en\/wp-json\/wp\/v2\/media?parent=43817"}],"wp:term":[{"taxonomy":"product_brand","embeddable":true,"href":"https:\/\/imprimeideas.es\/en\/wp-json\/wp\/v2\/product_brand?post=43817"},{"taxonomy":"product_cat","embeddable":true,"href":"https:\/\/imprimeideas.es\/en\/wp-json\/wp\/v2\/product_cat?post=43817"},{"taxonomy":"product_tag","embeddable":true,"href":"https:\/\/imprimeideas.es\/en\/wp-json\/wp\/v2\/product_tag?post=43817"}],"curies":[{"name":"wp","href":"https:\/\/api.w.org\/{rel}","templated":true}]}}