{"id":43811,"date":"2026-02-24T11:32:17","date_gmt":"2026-02-24T10:32:17","guid":{"rendered":"https:\/\/imprimeideas.es\/?post_type=product&p=43811"},"modified":"2026-02-26T18:27:59","modified_gmt":"2026-02-26T17:27:59","slug":"parche-termico-franium","status":"publish","type":"product","link":"https:\/\/imprimeideas.es\/en\/product\/parche-termico-franium\/","title":{"rendered":"Parche T\u00e9rmico Franium"},"content":{"rendered":"<p>Parche t\u00e9rmico reutilizable con efecto fr\u00edo o calor. El efecto fr\u00edo se consigue introduci\u00e9ndolo en el frogor\u00edfico entre 2-3 horas, mientras que el efecto calor en requiere del microondas. Reutilizable gracias a las perlas de gel ubicadas en su interior, y con cinta ajustable a la palma de la mano de forma circular. Presentaci\u00f3n individual en una bolsa de papel reciclado.<\/p>","protected":false},"excerpt":{"rendered":"<p>Fr\u00edo y Calor. Reutilizable<\/p>","protected":false},"featured_media":65131,"comment_status":"open","ping_status":"open","template":"","meta":{"inline_featured_image":false},"product_brand":[],"product_cat":[107],"product_tag":[],"class_list":{"0":"post-43811","1":"product","2":"type-product","3":"status-publish","4":"has-post-thumbnail","6":"product_cat-cuidado-personal-y-pharma","8":"first","9":"instock","10":"taxable","11":"shipping-taxable","12":"purchasable","13":"product-type-variable","14":"has-default-attributes"},"aioseo_notices":[],"_links":{"self":[{"href":"https:\/\/imprimeideas.es\/en\/wp-json\/wp\/v2\/product\/43811","targetHints":{"allow":["GET"]}}],"collection":[{"href":"https:\/\/imprimeideas.es\/en\/wp-json\/wp\/v2\/product"}],"about":[{"href":"https:\/\/imprimeideas.es\/en\/wp-json\/wp\/v2\/types\/product"}],"replies":[{"embeddable":true,"href":"https:\/\/imprimeideas.es\/en\/wp-json\/wp\/v2\/comments?post=43811"}],"version-history":[{"count":1,"href":"https:\/\/imprimeideas.es\/en\/wp-json\/wp\/v2\/product\/43811\/revisions"}],"predecessor-version":[{"id":55326,"href":"https:\/\/imprimeideas.es\/en\/wp-json\/wp\/v2\/product\/43811\/revisions\/55326"}],"wp:featuredmedia":[{"embeddable":true,"href":"https:\/\/imprimeideas.es\/en\/wp-json\/wp\/v2\/media\/65131"}],"wp:attachment":[{"href":"https:\/\/imprimeideas.es\/en\/wp-json\/wp\/v2\/media?parent=43811"}],"wp:term":[{"taxonomy":"product_brand","embeddable":true,"href":"https:\/\/imprimeideas.es\/en\/wp-json\/wp\/v2\/product_brand?post=43811"},{"taxonomy":"product_cat","embeddable":true,"href":"https:\/\/imprimeideas.es\/en\/wp-json\/wp\/v2\/product_cat?post=43811"},{"taxonomy":"product_tag","embeddable":true,"href":"https:\/\/imprimeideas.es\/en\/wp-json\/wp\/v2\/product_tag?post=43811"}],"curies":[{"name":"wp","href":"https:\/\/api.w.org\/{rel}","templated":true}]}}