{"id":43807,"date":"2026-02-24T11:32:17","date_gmt":"2026-02-24T10:32:17","guid":{"rendered":"https:\/\/imprimeideas.es\/?post_type=product&p=43807"},"modified":"2026-02-26T18:27:57","modified_gmt":"2026-02-26T17:27:57","slug":"mascara-termica-suomen","status":"publish","type":"product","link":"https:\/\/imprimeideas.es\/en\/product\/mascara-termica-suomen\/","title":{"rendered":"M\u00e1scara T\u00e9rmica Suomen"},"content":{"rendered":"<p>M\u00e1scara t\u00e9rmica reutilizable con efecto fr\u00edo y calor, dise\u00f1ada para brindar una experiencia personalizada de bienestar. Permite una sensaci\u00f3n refrescante coloc\u00e1ndola en el frigor\u00edfico durante 2 a 3 horas, o en un reconfortante abrazo de calor calent\u00e1ndola en el microondas. En su interior, las perlas de gel ofrecen una distribuci\u00f3n uniforme de la temperatura, asegurando una terapia eficaz y relajante. Cuenta con cinta ajustable a la cabeza para brindar una comodidad inigualable. Presentada en bolsa de papel reciclado.<\/p>","protected":false},"excerpt":{"rendered":"<p>Fr\u00edo y Calor. Reutilizable<\/p>","protected":false},"featured_media":77834,"comment_status":"open","ping_status":"open","template":"","meta":{"inline_featured_image":false},"product_brand":[],"product_cat":[107],"product_tag":[],"class_list":{"0":"post-43807","1":"product","2":"type-product","3":"status-publish","4":"has-post-thumbnail","6":"product_cat-cuidado-personal-y-pharma","8":"first","9":"instock","10":"taxable","11":"shipping-taxable","12":"purchasable","13":"product-type-variable","14":"has-default-attributes"},"aioseo_notices":[],"_links":{"self":[{"href":"https:\/\/imprimeideas.es\/en\/wp-json\/wp\/v2\/product\/43807","targetHints":{"allow":["GET"]}}],"collection":[{"href":"https:\/\/imprimeideas.es\/en\/wp-json\/wp\/v2\/product"}],"about":[{"href":"https:\/\/imprimeideas.es\/en\/wp-json\/wp\/v2\/types\/product"}],"replies":[{"embeddable":true,"href":"https:\/\/imprimeideas.es\/en\/wp-json\/wp\/v2\/comments?post=43807"}],"version-history":[{"count":1,"href":"https:\/\/imprimeideas.es\/en\/wp-json\/wp\/v2\/product\/43807\/revisions"}],"predecessor-version":[{"id":55324,"href":"https:\/\/imprimeideas.es\/en\/wp-json\/wp\/v2\/product\/43807\/revisions\/55324"}],"wp:featuredmedia":[{"embeddable":true,"href":"https:\/\/imprimeideas.es\/en\/wp-json\/wp\/v2\/media\/77834"}],"wp:attachment":[{"href":"https:\/\/imprimeideas.es\/en\/wp-json\/wp\/v2\/media?parent=43807"}],"wp:term":[{"taxonomy":"product_brand","embeddable":true,"href":"https:\/\/imprimeideas.es\/en\/wp-json\/wp\/v2\/product_brand?post=43807"},{"taxonomy":"product_cat","embeddable":true,"href":"https:\/\/imprimeideas.es\/en\/wp-json\/wp\/v2\/product_cat?post=43807"},{"taxonomy":"product_tag","embeddable":true,"href":"https:\/\/imprimeideas.es\/en\/wp-json\/wp\/v2\/product_tag?post=43807"}],"curies":[{"name":"wp","href":"https:\/\/api.w.org\/{rel}","templated":true}]}}