{"id":43804,"date":"2026-02-24T11:32:16","date_gmt":"2026-02-24T10:32:16","guid":{"rendered":"https:\/\/imprimeideas.es\/?post_type=product&p=43804"},"modified":"2026-02-26T18:23:17","modified_gmt":"2026-02-26T17:23:17","slug":"pastillero-stexio","status":"publish","type":"product","link":"https:\/\/imprimeideas.es\/en\/product\/pastillero-stexio\/","title":{"rendered":"Pastillero Stexio"},"content":{"rendered":"<p>Original pastillero mensual fabricado en resistente PP. Organizador de 31 casillas independientes y extra\u00edbles para guardar d\u00eda a d\u00eda todos los comprimidos necesarios. Elegante base blanca y casillas de color gris con el d\u00eda del mes marcado. Presentado en bolsa individual.<\/p>","protected":false},"excerpt":{"rendered":"<p>31 Compartimentos<\/p>","protected":false},"featured_media":44701,"comment_status":"open","ping_status":"open","template":"","meta":{"inline_featured_image":false},"product_brand":[],"product_cat":[107],"product_tag":[],"class_list":{"0":"post-43804","1":"product","2":"type-product","3":"status-publish","4":"has-post-thumbnail","6":"product_cat-cuidado-personal-y-pharma","8":"first","9":"instock","10":"taxable","11":"shipping-taxable","12":"purchasable","13":"product-type-variable","14":"has-default-attributes"},"aioseo_notices":[],"_links":{"self":[{"href":"https:\/\/imprimeideas.es\/en\/wp-json\/wp\/v2\/product\/43804","targetHints":{"allow":["GET"]}}],"collection":[{"href":"https:\/\/imprimeideas.es\/en\/wp-json\/wp\/v2\/product"}],"about":[{"href":"https:\/\/imprimeideas.es\/en\/wp-json\/wp\/v2\/types\/product"}],"replies":[{"embeddable":true,"href":"https:\/\/imprimeideas.es\/en\/wp-json\/wp\/v2\/comments?post=43804"}],"version-history":[{"count":1,"href":"https:\/\/imprimeideas.es\/en\/wp-json\/wp\/v2\/product\/43804\/revisions"}],"predecessor-version":[{"id":55323,"href":"https:\/\/imprimeideas.es\/en\/wp-json\/wp\/v2\/product\/43804\/revisions\/55323"}],"wp:featuredmedia":[{"embeddable":true,"href":"https:\/\/imprimeideas.es\/en\/wp-json\/wp\/v2\/media\/44701"}],"wp:attachment":[{"href":"https:\/\/imprimeideas.es\/en\/wp-json\/wp\/v2\/media?parent=43804"}],"wp:term":[{"taxonomy":"product_brand","embeddable":true,"href":"https:\/\/imprimeideas.es\/en\/wp-json\/wp\/v2\/product_brand?post=43804"},{"taxonomy":"product_cat","embeddable":true,"href":"https:\/\/imprimeideas.es\/en\/wp-json\/wp\/v2\/product_cat?post=43804"},{"taxonomy":"product_tag","embeddable":true,"href":"https:\/\/imprimeideas.es\/en\/wp-json\/wp\/v2\/product_tag?post=43804"}],"curies":[{"name":"wp","href":"https:\/\/api.w.org\/{rel}","templated":true}]}}