{"id":43800,"date":"2026-02-24T11:32:16","date_gmt":"2026-02-24T10:32:16","guid":{"rendered":"https:\/\/imprimeideas.es\/?post_type=product&p=43800"},"modified":"2026-02-26T18:13:52","modified_gmt":"2026-02-26T17:13:52","slug":"set-amondo","status":"publish","type":"product","link":"https:\/\/imprimeideas.es\/en\/product\/set-amondo\/","title":{"rendered":"Set Amondo"},"content":{"rendered":"<p>Pr\u00e1ctico cepillo de dientes plegable fabricado en resistente ca\u00f1a de trigo. Incluye compartimento para guardar un tubo de pasta de dientes de 6g (incluido).La ca\u00f1a de trigo fomenta la utilizaci\u00f3n de materias primas naturales, reduciendo as\u00ed las emisiones contaminantes.<\/p>","protected":false},"excerpt":{"rendered":"<p>Plegable. Cepillo Dientes Ca\u00f1a de Trigo\/ PP. Pasta Dent\u00edfrica 6 gr<\/p>","protected":false},"featured_media":76605,"comment_status":"open","ping_status":"open","template":"","meta":{"inline_featured_image":false},"product_brand":[],"product_cat":[122,107],"product_tag":[],"class_list":{"0":"post-43800","1":"product","2":"type-product","3":"status-publish","4":"has-post-thumbnail","6":"product_cat-articulos-sostenibles","7":"product_cat-cuidado-personal-y-pharma","9":"first","10":"instock","11":"taxable","12":"shipping-taxable","13":"purchasable","14":"product-type-variable","15":"has-default-attributes"},"aioseo_notices":[],"_links":{"self":[{"href":"https:\/\/imprimeideas.es\/en\/wp-json\/wp\/v2\/product\/43800","targetHints":{"allow":["GET"]}}],"collection":[{"href":"https:\/\/imprimeideas.es\/en\/wp-json\/wp\/v2\/product"}],"about":[{"href":"https:\/\/imprimeideas.es\/en\/wp-json\/wp\/v2\/types\/product"}],"replies":[{"embeddable":true,"href":"https:\/\/imprimeideas.es\/en\/wp-json\/wp\/v2\/comments?post=43800"}],"version-history":[{"count":1,"href":"https:\/\/imprimeideas.es\/en\/wp-json\/wp\/v2\/product\/43800\/revisions"}],"predecessor-version":[{"id":55321,"href":"https:\/\/imprimeideas.es\/en\/wp-json\/wp\/v2\/product\/43800\/revisions\/55321"}],"wp:featuredmedia":[{"embeddable":true,"href":"https:\/\/imprimeideas.es\/en\/wp-json\/wp\/v2\/media\/76605"}],"wp:attachment":[{"href":"https:\/\/imprimeideas.es\/en\/wp-json\/wp\/v2\/media?parent=43800"}],"wp:term":[{"taxonomy":"product_brand","embeddable":true,"href":"https:\/\/imprimeideas.es\/en\/wp-json\/wp\/v2\/product_brand?post=43800"},{"taxonomy":"product_cat","embeddable":true,"href":"https:\/\/imprimeideas.es\/en\/wp-json\/wp\/v2\/product_cat?post=43800"},{"taxonomy":"product_tag","embeddable":true,"href":"https:\/\/imprimeideas.es\/en\/wp-json\/wp\/v2\/product_tag?post=43800"}],"curies":[{"name":"wp","href":"https:\/\/api.w.org\/{rel}","templated":true}]}}