{"id":43798,"date":"2026-02-24T11:32:16","date_gmt":"2026-02-24T10:32:16","guid":{"rendered":"https:\/\/imprimeideas.es\/?post_type=product&p=43798"},"modified":"2026-02-26T18:13:44","modified_gmt":"2026-02-26T17:13:44","slug":"cepillo-dientes-electrico-kalins","status":"publish","type":"product","link":"https:\/\/imprimeideas.es\/en\/product\/cepillo-dientes-electrico-kalins\/","title":{"rendered":"Cepillo Dientes El\u00e9ctrico Kalins"},"content":{"rendered":"<p>Pr\u00e1ctico cepillo de dientes port\u00e1til el\u00e9ctrico. Eficiente limpieza gracias a su funci\u00f3n de vibraci\u00f3n y a sus agradables cerdas. Funciona con 1 pilas AA (no incluida) introducidas por la base. En color blanco y plateado, presentado en una caja de dise\u00f1o kraft.<\/p>","protected":false},"excerpt":{"rendered":"<p>1 Pila AA No Incluida<\/p>","protected":false},"featured_media":68828,"comment_status":"open","ping_status":"open","template":"","meta":{"inline_featured_image":false},"product_brand":[],"product_cat":[107],"product_tag":[],"class_list":{"0":"post-43798","1":"product","2":"type-product","3":"status-publish","4":"has-post-thumbnail","6":"product_cat-cuidado-personal-y-pharma","8":"first","9":"instock","10":"taxable","11":"shipping-taxable","12":"purchasable","13":"product-type-variable","14":"has-default-attributes"},"aioseo_notices":[],"_links":{"self":[{"href":"https:\/\/imprimeideas.es\/en\/wp-json\/wp\/v2\/product\/43798","targetHints":{"allow":["GET"]}}],"collection":[{"href":"https:\/\/imprimeideas.es\/en\/wp-json\/wp\/v2\/product"}],"about":[{"href":"https:\/\/imprimeideas.es\/en\/wp-json\/wp\/v2\/types\/product"}],"replies":[{"embeddable":true,"href":"https:\/\/imprimeideas.es\/en\/wp-json\/wp\/v2\/comments?post=43798"}],"version-history":[{"count":1,"href":"https:\/\/imprimeideas.es\/en\/wp-json\/wp\/v2\/product\/43798\/revisions"}],"predecessor-version":[{"id":55320,"href":"https:\/\/imprimeideas.es\/en\/wp-json\/wp\/v2\/product\/43798\/revisions\/55320"}],"wp:featuredmedia":[{"embeddable":true,"href":"https:\/\/imprimeideas.es\/en\/wp-json\/wp\/v2\/media\/68828"}],"wp:attachment":[{"href":"https:\/\/imprimeideas.es\/en\/wp-json\/wp\/v2\/media?parent=43798"}],"wp:term":[{"taxonomy":"product_brand","embeddable":true,"href":"https:\/\/imprimeideas.es\/en\/wp-json\/wp\/v2\/product_brand?post=43798"},{"taxonomy":"product_cat","embeddable":true,"href":"https:\/\/imprimeideas.es\/en\/wp-json\/wp\/v2\/product_cat?post=43798"},{"taxonomy":"product_tag","embeddable":true,"href":"https:\/\/imprimeideas.es\/en\/wp-json\/wp\/v2\/product_tag?post=43798"}],"curies":[{"name":"wp","href":"https:\/\/api.w.org\/{rel}","templated":true}]}}