{"id":43796,"date":"2026-02-24T11:32:15","date_gmt":"2026-02-24T10:32:15","guid":{"rendered":"https:\/\/imprimeideas.es\/?post_type=product&p=43796"},"modified":"2026-02-26T18:23:29","modified_gmt":"2026-02-26T17:23:29","slug":"cepillo-exfoliante-cierny","status":"publish","type":"product","link":"https:\/\/imprimeideas.es\/en\/product\/cepillo-exfoliante-cierny\/","title":{"rendered":"Cepillo Exfoliante Cierny"},"content":{"rendered":"<p>Pr\u00e1ctico cepillo exfoliante en madera natural. Cuatro funciones diferentes en cada extremo del cepillo: en un extremo con piedra p\u00f3mez y lija met\u00e1lica; y en el otro extremo con lija natural y suaves cerdas. Con pr\u00e1ctico cord\u00f3n para colgarlo despu\u00e9s de su uso.<\/p>","protected":false},"excerpt":{"rendered":"<p>Pr\u00e1ctico cepillo exfoliante en madera natural. Cuatro funciones diferentes en cada extremo del cepillo: en un extremo con piedra p\u00f3mez<\/p>","protected":false},"featured_media":80805,"comment_status":"open","ping_status":"open","template":"","meta":{"inline_featured_image":false},"product_brand":[],"product_cat":[122,107],"product_tag":[],"class_list":{"0":"post-43796","1":"product","2":"type-product","3":"status-publish","4":"has-post-thumbnail","6":"product_cat-articulos-sostenibles","7":"product_cat-cuidado-personal-y-pharma","9":"first","10":"instock","11":"taxable","12":"shipping-taxable","13":"purchasable","14":"product-type-variable","15":"has-default-attributes"},"aioseo_notices":[],"_links":{"self":[{"href":"https:\/\/imprimeideas.es\/en\/wp-json\/wp\/v2\/product\/43796","targetHints":{"allow":["GET"]}}],"collection":[{"href":"https:\/\/imprimeideas.es\/en\/wp-json\/wp\/v2\/product"}],"about":[{"href":"https:\/\/imprimeideas.es\/en\/wp-json\/wp\/v2\/types\/product"}],"replies":[{"embeddable":true,"href":"https:\/\/imprimeideas.es\/en\/wp-json\/wp\/v2\/comments?post=43796"}],"version-history":[{"count":1,"href":"https:\/\/imprimeideas.es\/en\/wp-json\/wp\/v2\/product\/43796\/revisions"}],"predecessor-version":[{"id":55319,"href":"https:\/\/imprimeideas.es\/en\/wp-json\/wp\/v2\/product\/43796\/revisions\/55319"}],"wp:featuredmedia":[{"embeddable":true,"href":"https:\/\/imprimeideas.es\/en\/wp-json\/wp\/v2\/media\/80805"}],"wp:attachment":[{"href":"https:\/\/imprimeideas.es\/en\/wp-json\/wp\/v2\/media?parent=43796"}],"wp:term":[{"taxonomy":"product_brand","embeddable":true,"href":"https:\/\/imprimeideas.es\/en\/wp-json\/wp\/v2\/product_brand?post=43796"},{"taxonomy":"product_cat","embeddable":true,"href":"https:\/\/imprimeideas.es\/en\/wp-json\/wp\/v2\/product_cat?post=43796"},{"taxonomy":"product_tag","embeddable":true,"href":"https:\/\/imprimeideas.es\/en\/wp-json\/wp\/v2\/product_tag?post=43796"}],"curies":[{"name":"wp","href":"https:\/\/api.w.org\/{rel}","templated":true}]}}