{"id":43793,"date":"2026-02-24T11:32:15","date_gmt":"2026-02-24T10:32:15","guid":{"rendered":"https:\/\/imprimeideas.es\/?post_type=product&p=43793"},"modified":"2026-02-26T18:23:26","modified_gmt":"2026-02-26T17:23:26","slug":"set-bano-seido","status":"publish","type":"product","link":"https:\/\/imprimeideas.es\/en\/product\/set-bano-seido\/","title":{"rendered":"Set Ba\u00f1o Seido"},"content":{"rendered":"<p>Completo set de ba\u00f1o con 4 accesorios. Practica bolsa de algod\u00f3n de autocierre que incluye: cepillo para pelo fabricado en suave madera con cerdas a juego, suave esponja, esponja exfoliante adaptable a la palma de la mano y piedra p\u00f3mez.<\/p>","protected":false},"excerpt":{"rendered":"<p>4 Accesorios. Funda Algod\u00f3n<\/p>","protected":false},"featured_media":74055,"comment_status":"open","ping_status":"open","template":"","meta":{"inline_featured_image":false},"product_brand":[],"product_cat":[107,104],"product_tag":[],"class_list":{"0":"post-43793","1":"product","2":"type-product","3":"status-publish","4":"has-post-thumbnail","6":"product_cat-cuidado-personal-y-pharma","7":"product_cat-hogar-y-decoracion","9":"first","10":"instock","11":"taxable","12":"shipping-taxable","13":"purchasable","14":"product-type-variable","15":"has-default-attributes"},"aioseo_notices":[],"_links":{"self":[{"href":"https:\/\/imprimeideas.es\/en\/wp-json\/wp\/v2\/product\/43793","targetHints":{"allow":["GET"]}}],"collection":[{"href":"https:\/\/imprimeideas.es\/en\/wp-json\/wp\/v2\/product"}],"about":[{"href":"https:\/\/imprimeideas.es\/en\/wp-json\/wp\/v2\/types\/product"}],"replies":[{"embeddable":true,"href":"https:\/\/imprimeideas.es\/en\/wp-json\/wp\/v2\/comments?post=43793"}],"version-history":[{"count":1,"href":"https:\/\/imprimeideas.es\/en\/wp-json\/wp\/v2\/product\/43793\/revisions"}],"predecessor-version":[{"id":55318,"href":"https:\/\/imprimeideas.es\/en\/wp-json\/wp\/v2\/product\/43793\/revisions\/55318"}],"wp:featuredmedia":[{"embeddable":true,"href":"https:\/\/imprimeideas.es\/en\/wp-json\/wp\/v2\/media\/74055"}],"wp:attachment":[{"href":"https:\/\/imprimeideas.es\/en\/wp-json\/wp\/v2\/media?parent=43793"}],"wp:term":[{"taxonomy":"product_brand","embeddable":true,"href":"https:\/\/imprimeideas.es\/en\/wp-json\/wp\/v2\/product_brand?post=43793"},{"taxonomy":"product_cat","embeddable":true,"href":"https:\/\/imprimeideas.es\/en\/wp-json\/wp\/v2\/product_cat?post=43793"},{"taxonomy":"product_tag","embeddable":true,"href":"https:\/\/imprimeideas.es\/en\/wp-json\/wp\/v2\/product_tag?post=43793"}],"curies":[{"name":"wp","href":"https:\/\/api.w.org\/{rel}","templated":true}]}}